{"id":1111,"date":"2024-12-29T10:54:20","date_gmt":"2024-12-29T09:54:20","guid":{"rendered":"https:\/\/cuentia.es\/?page_id=1111"},"modified":"2025-01-02T16:13:53","modified_gmt":"2025-01-02T15:13:53","slug":"cuentos-clasicos","status":"publish","type":"page","link":"https:\/\/cuentia.es\/en\/cuentos-clasicos\/","title":{"rendered":"Classic stories"},"content":{"rendered":"<p class=\"translation-block\">Welcome to our magical reading corner! Here you will find a selection of the best <strong>classic stories<\/strong> and <strong>children's tales<\/strong> to share unforgettable moments with the little ones. From stories that have been passed down from generation to generation to tales that spark the imagination, our virtual library has everything you need to foster a love for reading.<\/p>\n\n\n\n<p>Visit our virtual library and choose the perfect story to share with the little ones. Each tale is here to inspire, educate, and entertain.<\/p>\n\n\n\n<p class=\"translation-block\">\ud83d\udcd6 <strong> Classic Stories for Children: Timeless Tales <\/strong><\/p>\n\n\n\n<div class=\"gb-grid-wrapper gb-grid-wrapper-bff3ec18 gb-query-loop-wrapper\">\n<div class=\"gb-grid-column gb-grid-column-7c362a1d gb-query-loop-item post-1223 post type-post status-publish format-standard has-post-thumbnail hentry category-cuentos-clasicos\"><div class=\"gb-container gb-container-7c362a1d\">\n<figure class=\"gb-block-image gb-block-image-1e8e1457\"><img loading=\"lazy\" decoding=\"async\" width=\"1024\" height=\"1024\" src=\"https:\/\/cuentia.es\/wp-content\/uploads\/2025\/04\/La-Sirenita-2.png\" class=\"gb-image-1e8e1457\" alt=\"\" srcset=\"https:\/\/cuentia.es\/wp-content\/uploads\/2025\/04\/La-Sirenita-2.png 1024w, https:\/\/cuentia.es\/wp-content\/uploads\/2025\/04\/La-Sirenita-2-300x300.png 300w, https:\/\/cuentia.es\/wp-content\/uploads\/2025\/04\/La-Sirenita-2-150x150.png 150w, https:\/\/cuentia.es\/wp-content\/uploads\/2025\/04\/La-Sirenita-2-768x768.png 768w, https:\/\/cuentia.es\/wp-content\/uploads\/2025\/04\/La-Sirenita-2-12x12.png 12w\" sizes=\"auto, (max-width: 1024px) 100vw, 1024px\" \/><\/figure>\n\n<h2 class=\"gb-headline gb-headline-e5204a7e gb-headline-text\"><a href=\"https:\/\/cuentia.es\/en\/cuentos-clasicos\/la-sirenita\/\">La Sirenita<\/a><\/h2>\n\n<div class=\"gb-headline gb-headline-92e4410e gb-headline-text\">Hab\u00eda una vez, en lo m\u00e1s profundo del oc\u00e9ano, una hermosa sirena llamada Ariel, aunque muchos la conoc\u00edan simplemente como La Sirenita. Viv\u00eda en un castillo de coral junto a su padre, el Rey del Mar, y sus hermanas mayores. Aunque su hogar era maravilloso, La Sirenita so\u00f1aba con algo m\u00e1s: quer\u00eda conocer el mundo &#8230; <a title=\"La Sirenita\" class=\"read-more\" href=\"https:\/\/cuentia.es\/en\/cuentos-clasicos\/la-sirenita\/\" aria-label=\"Read more about La Sirenita\">Read more<\/a><\/div>\n<\/div><\/div>\n\n<div class=\"gb-grid-column gb-grid-column-7c362a1d gb-query-loop-item post-1217 post type-post status-publish format-standard has-post-thumbnail hentry category-cuentos-clasicos\"><div class=\"gb-container gb-container-7c362a1d\">\n<figure class=\"gb-block-image gb-block-image-1e8e1457\"><img loading=\"lazy\" decoding=\"async\" width=\"1024\" height=\"1024\" src=\"https:\/\/cuentia.es\/wp-content\/uploads\/2025\/02\/alicia-en-el-pais-de-las-maravillas.webp\" class=\"gb-image-1e8e1457\" alt=\"\" srcset=\"https:\/\/cuentia.es\/wp-content\/uploads\/2025\/02\/alicia-en-el-pais-de-las-maravillas.webp 1024w, https:\/\/cuentia.es\/wp-content\/uploads\/2025\/02\/alicia-en-el-pais-de-las-maravillas-300x300.webp 300w, https:\/\/cuentia.es\/wp-content\/uploads\/2025\/02\/alicia-en-el-pais-de-las-maravillas-150x150.webp 150w, https:\/\/cuentia.es\/wp-content\/uploads\/2025\/02\/alicia-en-el-pais-de-las-maravillas-768x768.webp 768w, https:\/\/cuentia.es\/wp-content\/uploads\/2025\/02\/alicia-en-el-pais-de-las-maravillas-12x12.webp 12w\" sizes=\"auto, (max-width: 1024px) 100vw, 1024px\" \/><\/figure>\n\n<h2 class=\"gb-headline gb-headline-e5204a7e gb-headline-text\"><a href=\"https:\/\/cuentia.es\/en\/cuentos-clasicos\/alicia-en-el-pais-de-las-maravillas\/\">Alicia en el Pa\u00eds de las Maravillas<\/a><\/h2>\n\n<div class=\"gb-headline gb-headline-92e4410e gb-headline-text\">Hab\u00eda una vez una ni\u00f1a llamada Alicia, a la que le encantaba imaginar y so\u00f1ar despierta. Un d\u00eda, mientras descansaba bajo un \u00e1rbol con su hermana, vio pasar a un conejo blanco que murmuraba: \u00ab\u00a1Llego tarde, llego tarde!\u00bb. Intrigada, Alicia lo sigui\u00f3 y, sin darse cuenta, cay\u00f3 por un profundo agujero que la llev\u00f3 a &#8230; <a title=\"Alicia en el Pa\u00eds de las Maravillas\" class=\"read-more\" href=\"https:\/\/cuentia.es\/en\/cuentos-clasicos\/alicia-en-el-pais-de-las-maravillas\/\" aria-label=\"Read more about Alicia en el Pa\u00eds de las Maravillas\">Read more<\/a><\/div>\n<\/div><\/div>\n\n<div class=\"gb-grid-column gb-grid-column-7c362a1d gb-query-loop-item post-1219 post type-post status-publish format-standard has-post-thumbnail hentry category-cuentos-clasicos\"><div class=\"gb-container gb-container-7c362a1d\">\n<figure class=\"gb-block-image gb-block-image-1e8e1457\"><img loading=\"lazy\" decoding=\"async\" width=\"1024\" height=\"1024\" src=\"https:\/\/cuentia.es\/wp-content\/uploads\/2025\/02\/el-traje-nuevo-del-emperador.webp\" class=\"gb-image-1e8e1457\" alt=\"El traje nuevo del emperador\" srcset=\"https:\/\/cuentia.es\/wp-content\/uploads\/2025\/02\/el-traje-nuevo-del-emperador.webp 1024w, https:\/\/cuentia.es\/wp-content\/uploads\/2025\/02\/el-traje-nuevo-del-emperador-300x300.webp 300w, https:\/\/cuentia.es\/wp-content\/uploads\/2025\/02\/el-traje-nuevo-del-emperador-150x150.webp 150w, https:\/\/cuentia.es\/wp-content\/uploads\/2025\/02\/el-traje-nuevo-del-emperador-768x768.webp 768w, https:\/\/cuentia.es\/wp-content\/uploads\/2025\/02\/el-traje-nuevo-del-emperador-12x12.webp 12w\" sizes=\"auto, (max-width: 1024px) 100vw, 1024px\" \/><\/figure>\n\n<h2 class=\"gb-headline gb-headline-e5204a7e gb-headline-text\"><a href=\"https:\/\/cuentia.es\/en\/cuentos-clasicos\/el-traje-nuevo-del-emperador\/\">El Traje Nuevo del Emperador<\/a><\/h2>\n\n<div class=\"gb-headline gb-headline-92e4410e gb-headline-text\">Hab\u00eda una vez un emperador que era muy vanidoso. No le importaban ni su pueblo ni sus deberes, solo le interesaba lucir los trajes m\u00e1s hermosos. Se cambiaba de ropa a cada hora y gastaba mucho dinero en telas lujosas. Los astutos tejedores Un d\u00eda, llegaron al reino dos embusteros que dec\u00edan ser tejedores extraordinarios. &#8230; <a title=\"El Traje Nuevo del Emperador\" class=\"read-more\" href=\"https:\/\/cuentia.es\/en\/cuentos-clasicos\/el-traje-nuevo-del-emperador\/\" aria-label=\"Read more about El Traje Nuevo del Emperador\">Read more<\/a><\/div>\n<\/div><\/div>\n\n<div class=\"gb-grid-column gb-grid-column-7c362a1d gb-query-loop-item post-1221 post type-post status-publish format-standard has-post-thumbnail hentry category-cuentos-clasicos\"><div class=\"gb-container gb-container-7c362a1d\">\n<figure class=\"gb-block-image gb-block-image-1e8e1457\"><img loading=\"lazy\" decoding=\"async\" width=\"1024\" height=\"1024\" src=\"https:\/\/cuentia.es\/wp-content\/uploads\/2025\/01\/rapunzel.webp\" class=\"gb-image-1e8e1457\" alt=\"rapunzel\" srcset=\"https:\/\/cuentia.es\/wp-content\/uploads\/2025\/01\/rapunzel.webp 1024w, https:\/\/cuentia.es\/wp-content\/uploads\/2025\/01\/rapunzel-300x300.webp 300w, https:\/\/cuentia.es\/wp-content\/uploads\/2025\/01\/rapunzel-150x150.webp 150w, https:\/\/cuentia.es\/wp-content\/uploads\/2025\/01\/rapunzel-768x768.webp 768w, https:\/\/cuentia.es\/wp-content\/uploads\/2025\/01\/rapunzel-12x12.webp 12w\" sizes=\"auto, (max-width: 1024px) 100vw, 1024px\" \/><\/figure>\n\n<h2 class=\"gb-headline gb-headline-e5204a7e gb-headline-text\"><a href=\"https:\/\/cuentia.es\/en\/cuentos-clasicos\/cuento-de-rapunzel\/\">Cuento de Rapunzel<\/a><\/h2>\n\n<div class=\"gb-headline gb-headline-92e4410e gb-headline-text\">Hab\u00eda una vez un humilde matrimonio que viv\u00eda cerca de un jard\u00edn encantado perteneciente a una malvada hechicera. La mujer, embarazada, ansiaba comer las deliciosas hierbas llamadas rap\u00f3nchigos que crec\u00edan en aquel jard\u00edn. Su esposo, preocupado por su bienestar, decidi\u00f3 tomar algunas en secreto. Pero la hechicera lo descubri\u00f3 y, como castigo, les exigi\u00f3 entregar &#8230; <a title=\"Cuento de Rapunzel\" class=\"read-more\" href=\"https:\/\/cuentia.es\/en\/cuentos-clasicos\/cuento-de-rapunzel\/\" aria-label=\"Read more about Cuento de Rapunzel\">Read more<\/a><\/div>\n<\/div><\/div>\n\n<div class=\"gb-grid-column gb-grid-column-7c362a1d gb-query-loop-item post-1213 post type-post status-publish format-standard has-post-thumbnail hentry category-cuentos-clasicos\"><div class=\"gb-container gb-container-7c362a1d\">\n<figure class=\"gb-block-image gb-block-image-1e8e1457\"><img loading=\"lazy\" decoding=\"async\" width=\"1024\" height=\"1024\" src=\"https:\/\/cuentia.es\/wp-content\/uploads\/2025\/01\/juan-sin-miedo.webp\" class=\"gb-image-1e8e1457\" alt=\"Juan sin miedo\" srcset=\"https:\/\/cuentia.es\/wp-content\/uploads\/2025\/01\/juan-sin-miedo.webp 1024w, https:\/\/cuentia.es\/wp-content\/uploads\/2025\/01\/juan-sin-miedo-300x300.webp 300w, https:\/\/cuentia.es\/wp-content\/uploads\/2025\/01\/juan-sin-miedo-150x150.webp 150w, https:\/\/cuentia.es\/wp-content\/uploads\/2025\/01\/juan-sin-miedo-768x768.webp 768w, https:\/\/cuentia.es\/wp-content\/uploads\/2025\/01\/juan-sin-miedo-12x12.webp 12w\" sizes=\"auto, (max-width: 1024px) 100vw, 1024px\" \/><\/figure>\n\n<h2 class=\"gb-headline gb-headline-e5204a7e gb-headline-text\"><a href=\"https:\/\/cuentia.es\/en\/cuentos-clasicos\/juan-sin-miedo\/\">Juan Sin Miedo<\/a><\/h2>\n\n<div class=\"gb-headline gb-headline-92e4410e gb-headline-text\">Hab\u00eda una vez un joven llamado Juan sin Miedo. Desde peque\u00f1o, nunca sinti\u00f3 temor a nada: ni a la oscuridad, ni a los truenos, ni a los cuentos de fantasmas. Su valent\u00eda era tan grande que muchas personas del pueblo lo consideraban extra\u00f1o. Ap\u00fantate a la newsletter y recibe un cuento \u00fanico cada semana. Directamente &#8230; <a title=\"Juan Sin Miedo\" class=\"read-more\" href=\"https:\/\/cuentia.es\/en\/cuentos-clasicos\/juan-sin-miedo\/\" aria-label=\"Read more about Juan Sin Miedo\">Read more<\/a><\/div>\n<\/div><\/div>\n\n<div class=\"gb-grid-column gb-grid-column-7c362a1d gb-query-loop-item post-1207 post type-post status-publish format-standard has-post-thumbnail hentry category-cuentos-clasicos\"><div class=\"gb-container gb-container-7c362a1d\">\n<figure class=\"gb-block-image gb-block-image-1e8e1457\"><img loading=\"lazy\" decoding=\"async\" width=\"1024\" height=\"1024\" src=\"https:\/\/cuentia.es\/wp-content\/uploads\/2025\/01\/la-gallina-de-los-huevos-de-oro.webp\" class=\"gb-image-1e8e1457\" alt=\"La gallina de los huevos de oro\" srcset=\"https:\/\/cuentia.es\/wp-content\/uploads\/2025\/01\/la-gallina-de-los-huevos-de-oro.webp 1024w, https:\/\/cuentia.es\/wp-content\/uploads\/2025\/01\/la-gallina-de-los-huevos-de-oro-300x300.webp 300w, https:\/\/cuentia.es\/wp-content\/uploads\/2025\/01\/la-gallina-de-los-huevos-de-oro-150x150.webp 150w, https:\/\/cuentia.es\/wp-content\/uploads\/2025\/01\/la-gallina-de-los-huevos-de-oro-768x768.webp 768w, https:\/\/cuentia.es\/wp-content\/uploads\/2025\/01\/la-gallina-de-los-huevos-de-oro-12x12.webp 12w\" sizes=\"auto, (max-width: 1024px) 100vw, 1024px\" \/><\/figure>\n\n<h2 class=\"gb-headline gb-headline-e5204a7e gb-headline-text\"><a href=\"https:\/\/cuentia.es\/en\/cuentos-clasicos\/la-gallina-de-los-huevos-de-oro\/\">La Gallina de los Huevos de Oro<\/a><\/h2>\n\n<div class=\"gb-headline gb-headline-92e4410e gb-headline-text\">Hab\u00eda una vez un granjero muy humilde que viv\u00eda con su esposa en una peque\u00f1a caba\u00f1a. A pesar de trabajar arduamente, apenas ten\u00edan lo suficiente para vivir. Un d\u00eda, mientras revisaba su gallinero, encontr\u00f3 una sorpresa inesperada: una de sus gallinas hab\u00eda puesto un huevo de oro. Ap\u00fantate a la newsletter y recibe un cuento &#8230; <a title=\"La Gallina de los Huevos de Oro\" class=\"read-more\" href=\"https:\/\/cuentia.es\/en\/cuentos-clasicos\/la-gallina-de-los-huevos-de-oro\/\" aria-label=\"Read more about La Gallina de los Huevos de Oro\">Read more<\/a><\/div>\n<\/div><\/div>\n<\/div>\n\n<div class=\"gb-container gb-container-ebcce469 gb-query-loop-pagination\">\n\n\n<span class=\"gb-button gb-button-e43bff79 gb-button-text page-numbers gb-block-is-current\" aria-current=\"page\">1<\/span><a class=\"gb-button gb-button-e43bff79 gb-button-text page-numbers\" href=\"?query-6907ae22-page=2\">2<\/a><a class=\"gb-button gb-button-e43bff79 gb-button-text page-numbers\" href=\"?query-6907ae22-page=3\">3<\/a><a class=\"gb-button gb-button-e43bff79 gb-button-text page-numbers\" href=\"?query-6907ae22-page=4\">4<\/a>\n\n<a class=\"gb-button gb-button-cc23a366 gb-button-text\" href=\"\/en\/wp-json\/wp\/v2\/pages\/1111?query-6907ae22-page=2\">Siguente<\/a>\n<\/div>","protected":false},"excerpt":{"rendered":"<p>\u00a1Bienvenido a nuestro rinc\u00f3n m\u00e1gico de la lectura! Aqu\u00ed encontrar\u00e1s una selecci\u00f3n de los mejores cuentos cl\u00e1sicos y cuentos para ni\u00f1os para compartir momentos inolvidables con los m\u00e1s peque\u00f1os. Desde las historias que han pasado de generaci\u00f3n en generaci\u00f3n hasta los relatos que despiertan la imaginaci\u00f3n, nuestra biblioteca virtual tiene todo lo que necesitas para &#8230; <a title=\"Classic stories\" class=\"read-more\" href=\"https:\/\/cuentia.es\/en\/cuentos-clasicos\/\" aria-label=\"Read more about Cuentos Cl\u00e1sicos\">Read more<\/a><\/p>","protected":false},"author":1,"featured_media":0,"parent":0,"menu_order":0,"comment_status":"closed","ping_status":"closed","template":"","meta":{"footnotes":""},"class_list":["post-1111","page","type-page","status-publish"],"aioseo_notices":[],"_links":{"self":[{"href":"https:\/\/cuentia.es\/en\/wp-json\/wp\/v2\/pages\/1111","targetHints":{"allow":["GET"]}}],"collection":[{"href":"https:\/\/cuentia.es\/en\/wp-json\/wp\/v2\/pages"}],"about":[{"href":"https:\/\/cuentia.es\/en\/wp-json\/wp\/v2\/types\/page"}],"author":[{"embeddable":true,"href":"https:\/\/cuentia.es\/en\/wp-json\/wp\/v2\/users\/1"}],"replies":[{"embeddable":true,"href":"https:\/\/cuentia.es\/en\/wp-json\/wp\/v2\/comments?post=1111"}],"version-history":[{"count":15,"href":"https:\/\/cuentia.es\/en\/wp-json\/wp\/v2\/pages\/1111\/revisions"}],"predecessor-version":[{"id":1157,"href":"https:\/\/cuentia.es\/en\/wp-json\/wp\/v2\/pages\/1111\/revisions\/1157"}],"wp:attachment":[{"href":"https:\/\/cuentia.es\/en\/wp-json\/wp\/v2\/media?parent=1111"}],"curies":[{"name":"wp","href":"https:\/\/api.w.org\/{rel}","templated":true}]}}