{"id":1298,"date":"2025-06-08T17:28:41","date_gmt":"2025-06-08T15:28:41","guid":{"rendered":"https:\/\/cuentia.es\/?page_id=1298"},"modified":"2025-06-08T17:28:41","modified_gmt":"2025-06-08T15:28:41","slug":"cuentos-infantiles","status":"publish","type":"page","link":"https:\/\/cuentia.es\/en\/cuentos-infantiles\/","title":{"rendered":"Cuentos infantiles"},"content":{"rendered":"<p>\u00a1Bienvenido a nuestro rinc\u00f3n m\u00e1gico de la lectura! Aqu\u00ed encontrar\u00e1s una selecci\u00f3n de los <strong>cuentos infantiles \u00fanicos<\/strong> para compartir momentos inolvidables con los m\u00e1s peque\u00f1os. Esta biblioteca contiene todos los cuentos que hemos enviado a nuestros suscriptores.<\/p>\n\n\n\n<p>Recuerda que puedes suscribirte a nuestra <a href=\"https:\/\/cuentia.es\/en\/newsletter\/\" title=\"Newsletter\">newsletter <\/a>y recibirlos directamente en tu bandeja de entrada<\/p>\n\n\n\n<p>Adem\u00e1s, si quieres recibir cuentos personalizados donde t\u00fa escoges a los protagonistas, <a href=\"https:\/\/cuentia.es\/en\/register\/\" title=\"Registro\">reg\u00edstrate en nuestra web<\/a><\/p>\n\n\n\n<p>Visit our virtual library and choose the perfect story to share with the little ones. Each tale is here to inspire, educate, and entertain.<\/p>\n\n\n\n<p>\ud83d\udcd6 <strong>Cuentos Infantiles para Ni\u00f1os: Historias \u00fanicas pensadas para disfrutar con los m\u00e1s peque\u00f1os de la casa.<\/strong><\/p>\n\n\n\n<div class=\"gb-grid-wrapper gb-grid-wrapper-bff3ec18 gb-query-loop-wrapper\">\n<div class=\"gb-grid-column gb-grid-column-7c362a1d gb-query-loop-item post-1542 post type-post status-publish format-standard hentry category-cuentia\"><div class=\"gb-container gb-container-7c362a1d\">\n<h2 class=\"gb-headline gb-headline-e5204a7e gb-headline-text\"><a href=\"https:\/\/cuentia.es\/en\/cuentia\/el-principe-que-perdio-su-sueno\/\">El pr\u00edncipe que perdi\u00f3 su sue\u00f1o<\/a><\/h2>\n\n<div class=\"gb-headline gb-headline-92e4410e gb-headline-text\">Hab\u00eda una vez en un reino muy lejano un pr\u00edncipe llamado Mateo, quien ten\u00eda un problema muy peculiar: hab\u00eda perdido la capacidad de so\u00f1ar. Todas las noches, al acostarse en su suave cama con dosel, cerraba los ojos con la esperanza de sumergirse en un mundo de sue\u00f1os y aventuras, pero nada ocurr\u00eda. Mateo se &#8230; <a title=\"El pr\u00edncipe que perdi\u00f3 su sue\u00f1o\" class=\"read-more\" href=\"https:\/\/cuentia.es\/en\/cuentia\/el-principe-que-perdio-su-sueno\/\" aria-label=\"Read more about El pr\u00edncipe que perdi\u00f3 su sue\u00f1o\">Read more<\/a><\/div>\n<\/div><\/div>\n\n<div class=\"gb-grid-column gb-grid-column-7c362a1d gb-query-loop-item post-1541 post type-post status-publish format-standard hentry category-cuentia\"><div class=\"gb-container gb-container-7c362a1d\">\n<h2 class=\"gb-headline gb-headline-e5204a7e gb-headline-text\"><a href=\"https:\/\/cuentia.es\/en\/cuentia\/los-guardianes-del-torreon-olvidado\/\">Los guardianes del torre\u00f3n olvidado<\/a><\/h2>\n\n<div class=\"gb-headline gb-headline-92e4410e gb-headline-text\">En una tierra lejana exist\u00eda un torre\u00f3n olvidado en lo m\u00e1s profundo del bosque encantado. Dentro de este torre\u00f3n habitaban criaturas m\u00e1gicas conocidas como los guardianes, cuya misi\u00f3n era proteger un antiguo secreto que yac\u00eda en lo m\u00e1s alto de la torre. Un d\u00eda, uno de los guardianes, un hada llamada Luna, descubri\u00f3 que una &#8230; <a title=\"Los guardianes del torre\u00f3n olvidado\" class=\"read-more\" href=\"https:\/\/cuentia.es\/en\/cuentia\/los-guardianes-del-torreon-olvidado\/\" aria-label=\"Read more about Los guardianes del torre\u00f3n olvidado\">Read more<\/a><\/div>\n<\/div><\/div>\n\n<div class=\"gb-grid-column gb-grid-column-7c362a1d gb-query-loop-item post-1540 post type-post status-publish format-standard hentry category-cuentia\"><div class=\"gb-container gb-container-7c362a1d\">\n<h2 class=\"gb-headline gb-headline-e5204a7e gb-headline-text\"><a href=\"https:\/\/cuentia.es\/en\/cuentia\/los-lapices-que-escribian-historias-magicas\/\">Los l\u00e1pices que escrib\u00edan historias m\u00e1gicas<\/a><\/h2>\n\n<div class=\"gb-headline gb-headline-92e4410e gb-headline-text\">Los l\u00e1pices que escrib\u00edan historias m&aacute;gicas Hab&iacute;a una vez en un lejano reino, un grupo de seis intr&eacute;pidos l&aacute;pices m&aacute;gicos que pose&iacute;an un poder especial: pod&iacute;an escribir historias m&aacute;gicas que cobraban vida. Estos l&aacute;pices tan peculiares viv&iacute;an en el escritorio de la peque&ntilde;a Camila, una ni&ntilde;a so&ntilde;adora que amaba escuchar y contar cuentos. Una ma&ntilde;ana, &#8230; <a title=\"Los l\u00e1pices que escrib\u00edan historias m\u00e1gicas\" class=\"read-more\" href=\"https:\/\/cuentia.es\/en\/cuentia\/los-lapices-que-escribian-historias-magicas\/\" aria-label=\"Read more about Los l\u00e1pices que escrib\u00edan historias m\u00e1gicas\">Read more<\/a><\/div>\n<\/div><\/div>\n\n<div class=\"gb-grid-column gb-grid-column-7c362a1d gb-query-loop-item post-1539 post type-post status-publish format-standard hentry category-cuentia\"><div class=\"gb-container gb-container-7c362a1d\">\n<h2 class=\"gb-headline gb-headline-e5204a7e gb-headline-text\"><a href=\"https:\/\/cuentia.es\/en\/cuentia\/el-raton-que-enseno-a-diego-a-ser-valiente\/\">El rat\u00f3n que ense\u00f1\u00f3 a Diego a ser valiente<\/a><\/h2>\n\n<div class=\"gb-headline gb-headline-92e4410e gb-headline-text\">Hab\u00eda una vez en un peque\u00f1o pueblo, un ni\u00f1o llamado Diego que ten\u00eda miedo a la oscuridad. Todas las noches, al apagar la luz, sent\u00eda un gran temor que le imped\u00eda conciliar el sue\u00f1o. Un d\u00eda, mientras jugaba en el jard\u00edn de su casa, se encontr\u00f3 con un peque\u00f1o rat\u00f3n llamado Lucas. Sorprendido, Diego escuch\u00f3 &#8230; <a title=\"El rat\u00f3n que ense\u00f1\u00f3 a Diego a ser valiente\" class=\"read-more\" href=\"https:\/\/cuentia.es\/en\/cuentia\/el-raton-que-enseno-a-diego-a-ser-valiente\/\" aria-label=\"Read more about El rat\u00f3n que ense\u00f1\u00f3 a Diego a ser valiente\">Read more<\/a><\/div>\n<\/div><\/div>\n\n<div class=\"gb-grid-column gb-grid-column-7c362a1d gb-query-loop-item post-1538 post type-post status-publish format-standard hentry category-cuentia\"><div class=\"gb-container gb-container-7c362a1d\">\n<h2 class=\"gb-headline gb-headline-e5204a7e gb-headline-text\"><a href=\"https:\/\/cuentia.es\/en\/cuentia\/los-guardianes-del-reino-gris\/\">Los guardianes del reino gris<\/a><\/h2>\n\n<div class=\"gb-headline gb-headline-92e4410e gb-headline-text\">Hab\u00eda una vez en un lejano reino un lugar llamado el Reino Gris, donde todo era triste y apagado. La raz\u00f3n de este aspecto l\u00fagubre era que un malvado mago hab\u00eda lanzado un hechizo que privaba a la tierra de colores y alegr\u00eda. Los habitantes del reino estaban muy tristes y desanimados, as\u00ed que decidieron &#8230; <a title=\"Los guardianes del reino gris\" class=\"read-more\" href=\"https:\/\/cuentia.es\/en\/cuentia\/los-guardianes-del-reino-gris\/\" aria-label=\"Read more about Los guardianes del reino gris\">Read more<\/a><\/div>\n<\/div><\/div>\n\n<div class=\"gb-grid-column gb-grid-column-7c362a1d gb-query-loop-item post-1537 post type-post status-publish format-standard hentry category-cuentia\"><div class=\"gb-container gb-container-7c362a1d\">\n<h2 class=\"gb-headline gb-headline-e5204a7e gb-headline-text\"><a href=\"https:\/\/cuentia.es\/en\/cuentia\/el-coche-que-viajaba-bajo-el-agua\/\">El coche que viajaba bajo el agua<\/a><\/h2>\n\n<div class=\"gb-headline gb-headline-92e4410e gb-headline-text\">El coche que viajaba bajo el agua Hab\u00eda una vez un coche muy especial llamado Turbo, que ten\u00eda la incre\u00edble habilidad de convertirse en un submarino y viajar bajo el agua. Turbo pertenec\u00eda a Lucas, un ni\u00f1o aventurero y curioso que so\u00f1aba con explorar los secretos del oc\u00e9ano. Un d\u00eda, Lucas y Turbo decidieron sumergirse &#8230; <a title=\"El coche que viajaba bajo el agua\" class=\"read-more\" href=\"https:\/\/cuentia.es\/en\/cuentia\/el-coche-que-viajaba-bajo-el-agua\/\" aria-label=\"Read more about El coche que viajaba bajo el agua\">Read more<\/a><\/div>\n<\/div><\/div>\n<\/div>\n\n<div class=\"gb-container gb-container-ebcce469 gb-query-loop-pagination\">\n\n\n<span class=\"gb-button gb-button-e43bff79 gb-button-text page-numbers gb-block-is-current\" aria-current=\"page\">1<\/span><a class=\"gb-button gb-button-e43bff79 gb-button-text page-numbers\" href=\"?query-6907ae22-page=2\">2<\/a><a class=\"gb-button gb-button-e43bff79 gb-button-text page-numbers\" href=\"?query-6907ae22-page=3\">3<\/a><span class=\"gb-button gb-button-e43bff79 gb-button-text page-numbers dots\">\u2026<\/span><a class=\"gb-button gb-button-e43bff79 gb-button-text page-numbers\" href=\"?query-6907ae22-page=39\">39<\/a>\n\n<a class=\"gb-button gb-button-cc23a366 gb-button-text\" href=\"\/en\/wp-json\/wp\/v2\/pages\/1298?query-6907ae22-page=2\">Siguente<\/a>\n<\/div>","protected":false},"excerpt":{"rendered":"<p>\u00a1Bienvenido a nuestro rinc\u00f3n m\u00e1gico de la lectura! Aqu\u00ed encontrar\u00e1s una selecci\u00f3n de los cuentos infantiles \u00fanicos para compartir momentos inolvidables con los m\u00e1s peque\u00f1os. Esta biblioteca contiene todos los cuentos que hemos enviado a nuestros suscriptores. Recuerda que puedes suscribirte a nuestra newsletter y recibirlos directamente en tu bandeja de entrada Adem\u00e1s, si quieres &#8230; <a title=\"Cuentos infantiles\" class=\"read-more\" href=\"https:\/\/cuentia.es\/en\/cuentos-infantiles\/\" aria-label=\"Read more about Cuentos infantiles\">Read more<\/a><\/p>","protected":false},"author":1,"featured_media":0,"parent":0,"menu_order":0,"comment_status":"closed","ping_status":"closed","template":"","meta":{"footnotes":""},"class_list":["post-1298","page","type-page","status-publish"],"aioseo_notices":[],"_links":{"self":[{"href":"https:\/\/cuentia.es\/en\/wp-json\/wp\/v2\/pages\/1298","targetHints":{"allow":["GET"]}}],"collection":[{"href":"https:\/\/cuentia.es\/en\/wp-json\/wp\/v2\/pages"}],"about":[{"href":"https:\/\/cuentia.es\/en\/wp-json\/wp\/v2\/types\/page"}],"author":[{"embeddable":true,"href":"https:\/\/cuentia.es\/en\/wp-json\/wp\/v2\/users\/1"}],"replies":[{"embeddable":true,"href":"https:\/\/cuentia.es\/en\/wp-json\/wp\/v2\/comments?post=1298"}],"version-history":[{"count":2,"href":"https:\/\/cuentia.es\/en\/wp-json\/wp\/v2\/pages\/1298\/revisions"}],"predecessor-version":[{"id":1300,"href":"https:\/\/cuentia.es\/en\/wp-json\/wp\/v2\/pages\/1298\/revisions\/1300"}],"wp:attachment":[{"href":"https:\/\/cuentia.es\/en\/wp-json\/wp\/v2\/media?parent=1298"}],"curies":[{"name":"wp","href":"https:\/\/api.w.org\/{rel}","templated":true}]}}