{"id":516,"date":"2024-09-27T10:40:47","date_gmt":"2024-09-27T08:40:47","guid":{"rendered":"https:\/\/cuentodiario.sportanalytics.es\/?page_id=516"},"modified":"2024-12-26T20:07:08","modified_gmt":"2024-12-26T19:07:08","slug":"contacto","status":"publish","type":"page","link":"https:\/\/cuentia.es\/en\/contacto\/","title":{"rendered":"Contact Form"},"content":{"rendered":"<div class=\"wp-block-group has-medium-font-size\"><div class=\"wp-block-group__inner-container is-layout-constrained wp-block-group-is-layout-constrained\">\n<h1 class=\"gb-headline gb-headline-45f31473 gb-headline-text\">Contact us<\/h1>\n\n\n\n<p>Gracias por llegar hasta aqu\u00ed. Ya sea que busques resolver una duda, compartir una idea o simplemente desearnos un buen d\u00eda, est\u00e1s en el lugar indicado. En esta p\u00e1gina, encuentras la puerta abierta a nuestro mundo.<\/p>\n\n\n\n<p>No dudes en ponerte en contacto con nosotros para cualquier cosa que necesites. Tu voz es importante para nosotros y queremos escucharte. \u00a1Nos vemos pronto!<\/p>\n\n\n\n<div class=\"wp-block-columns is-layout-flex wp-container-core-columns-is-layout-9d6595d7 wp-block-columns-is-layout-flex\">\n<div class=\"wp-block-column is-layout-flow wp-block-column-is-layout-flow\">\n<h3 class=\"gb-headline gb-headline-78a18e85 gb-headline-text\">Formulario de contacto<\/h3>\n\n\n\n<div class=\"wpcf7 no-js\" id=\"wpcf7-f587-o1\" lang=\"es-ES\" dir=\"ltr\" data-wpcf7-id=\"587\">\n<div class=\"screen-reader-response\"><p role=\"status\" aria-live=\"polite\" aria-atomic=\"true\"><\/p> <ul><\/ul><\/div>\n<form action=\"\/en\/wp-json\/wp\/v2\/pages\/516#wpcf7-f587-o1\" method=\"post\" class=\"wpcf7-form init\" aria-label=\"Formulario de contacto\" novalidate=\"novalidate\" data-status=\"init\" data-trp-original-action=\"\/en\/wp-json\/wp\/v2\/pages\/516#wpcf7-f587-o1\">\n<fieldset class=\"hidden-fields-container\"><input type=\"hidden\" name=\"_wpcf7\" value=\"587\" \/><input type=\"hidden\" name=\"_wpcf7_version\" value=\"6.1.5\" \/><input type=\"hidden\" name=\"_wpcf7_locale\" value=\"es_ES\" \/><input type=\"hidden\" name=\"_wpcf7_unit_tag\" value=\"wpcf7-f587-o1\" \/><input type=\"hidden\" name=\"_wpcf7_container_post\" value=\"0\" \/><input type=\"hidden\" name=\"_wpcf7_posted_data_hash\" value=\"\" \/>\n<\/fieldset>\n<p><label> Tu nombre<br \/>\n<span class=\"wpcf7-form-control-wrap\" data-name=\"your-name\"><input size=\"40\" maxlength=\"400\" class=\"wpcf7-form-control wpcf7-text wpcf7-validates-as-required\" autocomplete=\"name\" aria-required=\"true\" aria-invalid=\"false\" value=\"\" type=\"text\" name=\"your-name\" \/><\/span> <\/label>\n<\/p>\n<p><label> Tu correo electr\u00f3nico<br \/>\n<span class=\"wpcf7-form-control-wrap\" data-name=\"your-email\"><input size=\"40\" maxlength=\"400\" class=\"wpcf7-form-control wpcf7-email wpcf7-validates-as-required wpcf7-text wpcf7-validates-as-email\" autocomplete=\"email\" aria-required=\"true\" aria-invalid=\"false\" value=\"\" type=\"email\" name=\"your-email\" \/><\/span> <\/label>\n<\/p>\n<p><label> Asunto<br \/>\n<span class=\"wpcf7-form-control-wrap\" data-name=\"your-subject\"><input size=\"40\" maxlength=\"400\" class=\"wpcf7-form-control wpcf7-text wpcf7-validates-as-required\" aria-required=\"true\" aria-invalid=\"false\" value=\"\" type=\"text\" name=\"your-subject\" \/><\/span> <\/label>\n<\/p>\n<p><label> Tu mensaje (opcional)<br \/>\n<span class=\"wpcf7-form-control-wrap\" data-name=\"your-message\"><textarea cols=\"40\" rows=\"10\" maxlength=\"2000\" class=\"wpcf7-form-control wpcf7-textarea\" aria-invalid=\"false\" name=\"your-message\"><\/textarea><\/span> <\/label>\n<\/p>\n<p><input class=\"wpcf7-form-control wpcf7-submit has-spinner\" type=\"submit\" value=\"Enviar\" \/>\n<\/p><input type=\"hidden\" id=\"gr_form_nonce\" name=\"gr_form_nonce\" value=\"62e6d0b335\" \/><input type=\"hidden\" name=\"_wp_http_referer\" value=\"\/en\/wp-json\/wp\/v2\/pages\/516\" \/><div class=\"wpcf7-response-output\" aria-hidden=\"true\"><\/div>\n<input type=\"hidden\" name=\"trp-form-language\" value=\"en\"\/><\/form>\n<\/div>\n\n<\/div>\n\n\n\n<div class=\"wp-block-column is-layout-flow wp-block-column-is-layout-flow\">\n<h3 class=\"gb-headline gb-headline-d6053ff4 gb-headline-text\">O si lo prefieres&#8230;<\/h3>\n\n\n\n<p><strong>\ud83d\udce7 Correo Electr\u00f3nico:<\/strong> <br>Env\u00edanos un mensaje a <strong><a href=\"mailto:web@cuentia.es\">web@cuentia.es<\/a><\/strong>. <br>Prometemos leer y responder con todo nuestro cari\u00f1o<\/p>\n\n\n\n<p><strong>\ud83d\udd17 Redes Sociales:<\/strong> <br>Con\u00e9ctate con nosotros y sigue nuestras aventuras<br><strong>Instagram:<\/strong> <a href=\"https:\/\/www.instagram.com\/cuentia.es\" target=\"_blank\" rel=\"noopener\" title=\"\">https:\/\/www.instagram.com\/cuentia.es<\/a><br><strong>X:<\/strong> <a href=\"https:\/\/www.x.com\/cuentia_es\" target=\"_blank\" rel=\"noopener\" title=\"\">https:\/\/www.x.com\/cuentia_es<\/a><br><\/p>\n<\/div>\n<\/div>\n<\/div><\/div>","protected":false},"excerpt":{"rendered":"<p>Contacta con nosotros Gracias por llegar hasta aqu\u00ed. Ya sea que busques resolver una duda, compartir una idea o simplemente desearnos un buen d\u00eda, est\u00e1s en el lugar indicado. En esta p\u00e1gina, encuentras la puerta abierta a nuestro mundo. No dudes en ponerte en contacto con nosotros para cualquier cosa que necesites. Tu voz es &#8230; <a title=\"Contact Form\" class=\"read-more\" href=\"https:\/\/cuentia.es\/en\/contacto\/\" aria-label=\"Read more about Contacto\">Read more<\/a><\/p>","protected":false},"author":1,"featured_media":0,"parent":0,"menu_order":0,"comment_status":"closed","ping_status":"closed","template":"","meta":{"footnotes":""},"class_list":["post-516","page","type-page","status-publish"],"aioseo_notices":[],"_links":{"self":[{"href":"https:\/\/cuentia.es\/en\/wp-json\/wp\/v2\/pages\/516","targetHints":{"allow":["GET"]}}],"collection":[{"href":"https:\/\/cuentia.es\/en\/wp-json\/wp\/v2\/pages"}],"about":[{"href":"https:\/\/cuentia.es\/en\/wp-json\/wp\/v2\/types\/page"}],"author":[{"embeddable":true,"href":"https:\/\/cuentia.es\/en\/wp-json\/wp\/v2\/users\/1"}],"replies":[{"embeddable":true,"href":"https:\/\/cuentia.es\/en\/wp-json\/wp\/v2\/comments?post=516"}],"version-history":[{"count":13,"href":"https:\/\/cuentia.es\/en\/wp-json\/wp\/v2\/pages\/516\/revisions"}],"predecessor-version":[{"id":1090,"href":"https:\/\/cuentia.es\/en\/wp-json\/wp\/v2\/pages\/516\/revisions\/1090"}],"wp:attachment":[{"href":"https:\/\/cuentia.es\/en\/wp-json\/wp\/v2\/media?parent=516"}],"curies":[{"name":"wp","href":"https:\/\/api.w.org\/{rel}","templated":true}]}}