{"id":6,"date":"2024-09-21T12:30:39","date_gmt":"2024-09-21T10:30:39","guid":{"rendered":"http:\/\/localhost\/membresia\/register\/"},"modified":"2024-12-27T14:43:09","modified_gmt":"2024-12-27T13:43:09","slug":"register","status":"publish","type":"page","link":"https:\/\/cuentia.es\/en\/register\/","title":{"rendered":"Registro"},"content":{"rendered":"\n<div class=\"wp-block-group\"><div class=\"wp-block-group__inner-container is-layout-constrained wp-block-group-is-layout-constrained\"><div>\n<div class=\"wp-block-group\"><div class=\"wp-block-group__inner-container is-layout-constrained wp-block-group-is-layout-constrained\">\n<h1 class=\"gb-headline gb-headline-903a7331 gb-headline-text\"><strong>Haz Realidad la Magia de los Cuentos Personalizados con CUENTIA<\/strong><\/h1>\n\n\n\n<p>Imagina la cara de tus hijos al abrir un libro donde ellos son los protagonistas. Su nombre, sus sue\u00f1os, sus aventuras\u2026 plasmados en una historia m\u00e1gica creada solo para ellos.<\/p>\n\n\n\n<p>\ud83d\udc49 <strong>Suscribirte a CUENTIA es muy f\u00e1cil:<\/strong><br>1\ufe0f\u20e3 Reg\u00edstrate en esta p\u00e1gina.<br>2\ufe0f\u20e3 Dinos los nombres de los personajes.<br>3\ufe0f\u20e3 Recibe un cuento \u00fanico, listo para sorprenderlos.<\/p>\n\n\n\n<p>\ud83c\udf81 <strong>Un regalo inolvidable:<\/strong><br>No es solo un cuento, es una experiencia que tus hijos atesorar\u00e1n para siempre.<\/p>\n\n\n\n<p class=\"has-text-align-left\"><strong>Reg\u00edstrate ahora y transforma sus noches en momentos m\u00e1gicos. Haz que ellos sean los h\u00e9roes de su propia historia.<\/strong><\/p>\n\n\n<p>\n<form id=\"pms_register-form\" class=\"pms-form \" method=\"POST\">\n\n    \n    <input type=\"hidden\" id=\"pmstkn\" name=\"pmstkn\" value=\"c5b63fda21\" \/><input type=\"hidden\" name=\"_wp_http_referer\" value=\"\/en\/wp-json\/wp\/v2\/pages\/6\" \/>\n    <ul class=\"pms-form-fields-wrapper\">\n\n        \n        \n        <div class=\"pms-account-section-wrapper\">\n            \n                        <li class=\"pms-field pms-user-login-field \">\n                <label for=\"pms_user_login\">Username *<\/label>\n                <input id=\"pms_user_login\" name=\"user_login\" type=\"text\" value=\"\" \/>\n\n                            <\/li>\n\n                        <li class=\"pms-field pms-user-email-field \">\n                <label for=\"pms_user_email\">E-mail *<\/label>\n                <input id=\"pms_user_email\" name=\"user_email\" type=\"text\" value=\"\" \/>\n\n                            <\/li>\n\n                        <li class=\"pms-field pms-first-name-field \">\n                <label for=\"pms_first_name\">First Name<\/label>\n                <input id=\"pms_first_name\" name=\"first_name\" type=\"text\" value=\"\" \/>\n\n                            <\/li>\n\n                        <li class=\"pms-field pms-last-name-field \">\n                <label for=\"pms_last_name\">Last Name<\/label>\n                <input id=\"pms_last_name\" name=\"last_name\" type=\"text\" value=\"\" \/>\n\n                            <\/li>\n\n                        <li class=\"pms-field pms-pass1-field \">\n                <label for=\"pms_pass1\">Password *<\/label>\n                <input id=\"pms_pass1\" name=\"pass1\" type=\"password\" \/>\n\n                \n                            <\/li>\n\n                        <li class=\"pms-field pms-pass2-field \">\n                <label for=\"pms_pass2\">Repeat Password *<\/label>\n                <input id=\"pms_pass2\" name=\"pass2\" type=\"password\" \/>\n\n                            <\/li>\n\n                <li style=\"list-style-type: none;\" class=\"pms-field pms-gdpr-field \">\n        <label for=\"pms_user_consent\">\n            <input id=\"pms_user_consent\" name=\"user_consent\" type=\"checkbox\" value=\"1\">\n\n            <span class=\"pms-gdpr-field-text\">\n            He le\u00eddo y acepto la <a href=\"\/politica-privacidad\" target=\"_blank\">pol\u00edtica de privacidad<\/a>            <\/span>\n        <\/label>\n            <\/li>\n            <\/div>\n\n        \n        <li class=\"pms-field pms-field-subscriptions \"><div class=\"pms-subscription-plan pms-subscription-plan-11\"><label><input type=\"radio\" name=\"subscription_plans\" data-price=\"5\" data-duration=\"1\" data-fixed_membership=\"\" data-allow_renew=\"\" data-sign_up_fee=\"0\" data-trial=\"0\" data-recurring=\"2\"  value=\"11\"  checked='checked'data-default-selected=\"true\" \/><span class=\"pms-subscription-plan-name\">Cuento diario<\/span><span class=\"pms-subscription-plan-price\"><span class=\"pms-divider\"> &#8211; <\/span><span class=\"pms-subscription-plan-price-value\">5.00<\/span> <span class=\"pms-subscription-plan-currency\">&#8364;<\/span><span class=\"pms-divider pms-duration-divider\"> \/ <\/span><span class=\"pms-subscription-plan-duration\">1 Month<\/span><\/span><span class=\"pms-subscription-plan-trial\"><\/span><span class=\"pms-subscription-plan-sign-up-fee\"><\/span><\/label><div class=\"pms-subscription-plan-description\">Recibe un cuento todos los d\u00edas de la semana<\/div><\/div><div class=\"pms-subscription-plan pms-subscription-plan-682\"><label><input type=\"radio\" name=\"subscription_plans\" data-price=\"3\" data-duration=\"1\" data-fixed_membership=\"\" data-allow_renew=\"\" data-sign_up_fee=\"0\" data-trial=\"0\" data-recurring=\"2\"  value=\"682\" data-default-checked=\"false\" \/><span class=\"pms-subscription-plan-name\">Starter<\/span><span class=\"pms-subscription-plan-price\"><span class=\"pms-divider\"> &#8211; <\/span><span class=\"pms-subscription-plan-price-value\">3.00<\/span> <span class=\"pms-subscription-plan-currency\">&#8364;<\/span><span class=\"pms-divider pms-duration-divider\"> \/ <\/span><span class=\"pms-subscription-plan-duration\">1 Month<\/span><\/span><span class=\"pms-subscription-plan-trial\"><\/span><span class=\"pms-subscription-plan-sign-up-fee\"><\/span><\/label><div class=\"pms-subscription-plan-description\">Recibe 3 cuentos por semana: Lunes, Mi\u00e9rcoles y Viernes<\/div><\/div><input type=\"hidden\" name=\"pms_default_recurring\" value=\"2\" \/><div id=\"pms-subscription-plans-discount\"><label for=\"pms-subscription-plans-discount\">Discount Code: <\/label><input id=\"pms_subscription_plans_discount_code\" name=\"discount_code\" placeholder=\"Enter discount\" type=\"text\" value=\"\" \/><input id=\"pms-apply-discount\" class=\"pms-submit button\" type=\"submit\" value=\"Apply\"><\/span><\/div><div id=\"pms-subscription-plans-discount-messages-wrapper\"><div id=\"pms-subscription-plans-discount-messages\" ><\/div><div id=\"pms-subscription-plans-discount-messages-loading\">Applying discount code. Please wait&#8230;<\/div><\/div><\/li>\n    <\/ul>\n\n    <span id=\"pms-submit-button-loading-placeholder-text\" style=\"display: none;\">Processing. Please wait&#8230;<\/span><div class=\"pms-paygates-holder\"><div id=\"pms-paygates-wrapper\"><input type=\"hidden\" class=\"pms_pay_gate\" name=\"pay_gate\" value=\"stripe_connect\" data-sign_up_fee=\"1\" data-trial=\"1\" data-recurring=\"1\"  data-type=\"extra_fields\" \/><\/div><ul id=\"pms-stripe-connect\" class=\"pms-field-section pms-paygate-extra-fields pms-paygate-extra-fields-stripe_connect\"><li class=\"pms-field pms-field-type-heading \"><h3>Payment Details<\/h3><\/li><div class=\"pms-spinner__holder\"><div class=\"pms-spinner\"><\/div><\/div><div id=\"pms-stripe-payment-elements\" style=\"display:none\"><\/div><\/ul><\/div><input type=\"hidden\" id=\"pms-process-checkout-nonce\" name=\"pms_process_checkout_nonce\" value=\"e7109203cd\"\/><input type=\"hidden\" id=\"stripe-pk\" value=\"pk_live_51Q1NM8E0J2m47GvkL8BBmTRBbm0gqPWf4QXAAOb1ctBpTkRMSVezf0adMJdm0WoLL92wfjyKHjjo2mDd2bUH91Rz00dfsd48wX\" \/><input type=\"hidden\" name=\"pms_stripe_connect_payment_intent\" value=\"\"\/><input type=\"hidden\" name=\"pms_stripe_connect_setup_intent\" value=\"\"\/><input type=\"hidden\" id=\"pms-stripe-ajax-update-payment-intent-nonce\" name=\"stripe_ajax_update_payment_intent_nonce\" value=\"46f97620d3\"\/>\n            <input class=\"pms-form-submit\" name=\"pms_register\" type=\"submit\" value=\"Register\" \/>\n    \n<\/form>\n<\/p>\n<\/div>\n<\/div><\/div><\/div><\/div>\n\n\n\n<script>\n\/\/este c\u00f3digo oculta el campo de username y duplica el valor para simplificar el registro\njQuery(\".pms-user-login-field\").css(\"display\",\"none\");\njQuery(\"#pms_user_email\").change(function(){\n    var mail=jQuery(\"#pms_user_email\").val();\n    mail = mail.replace(\"@\", \"_\");\n    mail = mail.replace(\".\", \"\");\n    jQuery(\"#pms_user_login\").val(mail);\n})\n<\/script>\n<style>\n.pms-form {\n    width: 100%;\n    max-width: 600px;\n    margin: 0 auto;\n    border-radius: 20px;\n    padding: 20px;\n    box-shadow: 0px 10px 50px 0px rgba(84, 110, 122, 0.15);\n}\n.pms-last-name-field, .pms-first-name-field{\n   display:none;\n}\ninput[type=\"text\"], input[type=\"email\"], input[type=\"url\"], input[type=\"password\"], input[type=\"search\"], input[type=\"tel\"], input[type=\"number\"], textarea, select {\n    color: var(--contrast);\n    padding: 0.75rem;\n    background-color: #fff;\n    border-radius: 5px;\n    transition: background 0.15s ease, border 0.15s ease, box-shadow 0.15s ease, color 0.15s ease;\n    border: 1px solid #e6e6e6;\n    box-shadow: 0px 1px 1px rgba(0, 0, 0, 0.03), 0px 3px 6px rgba(0, 0, 0, 0.02);\n}\n.pms_form input[type=email], .pms_form input[type=password], .pms_form input[type=text] {\n    padding: 10px 10px !important;\n    margin: 0;\n    width: 100%;\n    max-width: 400px;\n    padding-block: 10px;\n    border-radius: 5px;\n}\n\n.pms-form-submit {\n    background-color: #fff;\n    color: var(--global-color-10);\n    border-radius: 50px;\n    margin: 0 auto;\n    width: 100%;\n    max-width: 200px;\n    text-align: center;\n    margin-top: 20px;\n    font-weight: bolder;\n    border: 2px solid var(--global-color-10) !important;\n}\n@media (max-width: 768px) {\n    .site-main .wp-block-group__inner-container {\n        padding: 0 !important;\n    }\n}\n<\/style>\n\n\n\n<p><\/p>\n","protected":false},"excerpt":{"rendered":"<p>Haz Realidad la Magia de los Cuentos Personalizados con CUENTIA Imagina la cara de tus hijos al abrir un libro donde ellos son los protagonistas. Su nombre, sus sue\u00f1os, sus aventuras\u2026 plasmados en una historia m\u00e1gica creada solo para ellos. \ud83d\udc49 Suscribirte a CUENTIA es muy f\u00e1cil:1\ufe0f\u20e3 Reg\u00edstrate en esta p\u00e1gina.2\ufe0f\u20e3 Dinos los nombres de &#8230; <a title=\"Registro\" class=\"read-more\" href=\"https:\/\/cuentia.es\/en\/register\/\" aria-label=\"Read more about Registro\">Read more<\/a><\/p>","protected":false},"author":1,"featured_media":0,"parent":0,"menu_order":0,"comment_status":"closed","ping_status":"closed","template":"","meta":{"footnotes":""},"class_list":["post-6","page","type-page","status-publish"],"aioseo_notices":[],"_links":{"self":[{"href":"https:\/\/cuentia.es\/en\/wp-json\/wp\/v2\/pages\/6","targetHints":{"allow":["GET"]}}],"collection":[{"href":"https:\/\/cuentia.es\/en\/wp-json\/wp\/v2\/pages"}],"about":[{"href":"https:\/\/cuentia.es\/en\/wp-json\/wp\/v2\/types\/page"}],"author":[{"embeddable":true,"href":"https:\/\/cuentia.es\/en\/wp-json\/wp\/v2\/users\/1"}],"replies":[{"embeddable":true,"href":"https:\/\/cuentia.es\/en\/wp-json\/wp\/v2\/comments?post=6"}],"version-history":[{"count":35,"href":"https:\/\/cuentia.es\/en\/wp-json\/wp\/v2\/pages\/6\/revisions"}],"predecessor-version":[{"id":1093,"href":"https:\/\/cuentia.es\/en\/wp-json\/wp\/v2\/pages\/6\/revisions\/1093"}],"wp:attachment":[{"href":"https:\/\/cuentia.es\/en\/wp-json\/wp\/v2\/media?parent=6"}],"curies":[{"name":"wp","href":"https:\/\/api.w.org\/{rel}","templated":true}]}}