{"id":728,"date":"2024-10-07T07:55:34","date_gmt":"2024-10-07T05:55:34","guid":{"rendered":"https:\/\/cuentia.es\/?page_id=728"},"modified":"2024-12-07T09:34:01","modified_gmt":"2024-12-07T08:34:01","slug":"suscribete-starter","status":"publish","type":"page","link":"https:\/\/cuentia.es\/en\/suscribete-starter\/","title":{"rendered":"Subscribe"},"content":{"rendered":"<div class=\"gb-container gb-container-bf47ece7\">\n\n<div class=\"wp-block-columns alignwide pms-pt-gap is-layout-flex wp-container-core-columns-is-layout-829b1d53 wp-block-columns-is-layout-flex\" style=\"margin-bottom:0\">\n<div class=\"wp-block-column is-layout-flow wp-block-column-is-layout-flow\" style=\"flex-basis:60%\">\n<h1 class=\"gb-headline gb-headline-d7cb1db9 gb-headline-text\">Recibe cuentos para contar a tus hijos todas las noches<\/h1>\n\n\n\n<p>Sabemos lo que es. Has buscado en Google cuentos para contar a tus hijos, \u00bfverdad?<\/p>\n\n\n\n<p>No te preocupes, <strong>no est\u00e1s solo<\/strong>. A veces la imaginaci\u00f3n se agota, y todos necesitamos una mano. \u00a1Nosotros somos como t\u00fa!<\/p>\n\n\n\n<p>Si tus hijos te piden un cuento nuevo cada noche y ya no sabes qu\u00e9 inventar, <strong>tenemos la soluci\u00f3n perfecta para ti<\/strong>.<\/p>\n\n\n\n<h3 class=\"wp-block-heading\">Recibe cuentos infantiles en tu bandeja de entrada:<\/h3>\n\n\n\n<ul class=\"wp-block-list\">\n<li><strong>Cada lunes, mi\u00e9rcoles y viernes<\/strong>, te enviaremos un cuento nuevo listo para leer.<\/li>\n\n\n\n<li>Directo a tu correo, sin complicaciones.<\/li>\n\n\n\n<li>As\u00ed nunca m\u00e1s tendr\u00e1s que preocuparte por quedarte sin ideas.<\/li>\n<\/ul>\n\n\n\n<p>Que tus hijos no se queden sin su cuento antes de dormir. <strong>Suscr\u00edbete ahora <\/strong>por solo <strong>3\u20ac al mes<\/strong> y disfruta de momentos inolvidables junto a ellos.<\/p>\n<\/div>\n\n\n\n<div class=\"wp-block-column is-vertically-aligned-center pms-pt-border-2 pms-pt-card-2 has-border-color is-layout-constrained wp-container-core-column-is-layout-97875daf wp-block-column-is-layout-constrained\" style=\"border-color:#7a838b;border-width:2px;padding-top:var(--wp--preset--spacing--30);padding-right:var(--wp--preset--spacing--30);padding-bottom:var(--wp--preset--spacing--30);padding-left:var(--wp--preset--spacing--30);font-style:normal;font-weight:700\">\n<h2 class=\"wp-block-heading has-text-align-center pms-pt-text-title has-global-color-10-color has-text-color has-large-font-size\" style=\"font-style:normal;font-weight:500\">Starter<\/h2>\n\n\n\n<h3 class=\"wp-block-heading has-text-align-center pms-pt-text-price has-contrast-color has-text-color has-large-font-size\">3\u20ac<span class=\"pms-pt-text-duration\"><span class=\"pms-divider\"> \/ Mes<\/span><\/span><\/h3>\n\n\n\n<p class=\"has-text-align-center\"><span class=\"pms-pt-text-description\">Comienza ahora a recibir cuentos infantiles para leer a tus hijos<\/span><\/p>\n\n\n<div class=\"gb-container gb-container-759aea7a\">\n\n<p class=\"gb-headline gb-headline-1b1bd9b9\"><span class=\"gb-icon\"><svg aria-hidden=\"true\" role=\"img\" height=\"1em\" width=\"1em\" viewbox=\"0 0 512 512\" xmlns=\"http:\/\/www.w3.org\/2000\/svg\"><path fill=\"currentColor\" d=\"M504 256c0 136.967-111.033 248-248 248S8 392.967 8 256 119.033 8 256 8s248 111.033 248 248zM227.314 387.314l184-184c6.248-6.248 6.248-16.379 0-22.627l-22.627-22.627c-6.248-6.249-16.379-6.249-22.628 0L216 308.118l-70.059-70.059c-6.248-6.248-16.379-6.248-22.628 0l-22.627 22.627c-6.248 6.248-6.248 16.379 0 22.627l104 104c6.249 6.249 16.379 6.249 22.628.001z\"><\/path><\/svg><\/span><span class=\"gb-headline-text\"> Tres cuentos por semana<\/span><\/p>\n\n\n\n<p class=\"gb-headline gb-headline-07a21263\"><span class=\"gb-icon\"><svg aria-hidden=\"true\" role=\"img\" height=\"1em\" width=\"1em\" viewbox=\"0 0 512 512\" xmlns=\"http:\/\/www.w3.org\/2000\/svg\"><path fill=\"currentColor\" d=\"M504 256c0 136.967-111.033 248-248 248S8 392.967 8 256 119.033 8 256 8s248 111.033 248 248zM227.314 387.314l184-184c6.248-6.248 6.248-16.379 0-22.627l-22.627-22.627c-6.248-6.249-16.379-6.249-22.628 0L216 308.118l-70.059-70.059c-6.248-6.248-16.379-6.248-22.628 0l-22.627 22.627c-6.248 6.248-6.248 16.379 0 22.627l104 104c6.249 6.249 16.379 6.249 22.628.001z\"><\/path><\/svg><\/span><span class=\"gb-headline-text\"> Lunes, Mi\u00e9rcoles y Viernes<\/span><\/p>\n\n\n\n<p class=\"gb-headline gb-headline-96b804a1\"><span class=\"gb-icon\"><svg aria-hidden=\"true\" role=\"img\" height=\"1em\" width=\"1em\" viewbox=\"0 0 512 512\" xmlns=\"http:\/\/www.w3.org\/2000\/svg\"><path fill=\"currentColor\" d=\"M504 256c0 136.967-111.033 248-248 248S8 392.967 8 256 119.033 8 256 8s248 111.033 248 248zM227.314 387.314l184-184c6.248-6.248 6.248-16.379 0-22.627l-22.627-22.627c-6.248-6.249-16.379-6.249-22.628 0L216 308.118l-70.059-70.059c-6.248-6.248-16.379-6.248-22.628 0l-22.627 22.627c-6.248 6.248-6.248 16.379 0 22.627l104 104c6.249 6.249 16.379 6.249 22.628.001z\"><\/path><\/svg><\/span><span class=\"gb-headline-text\"> Rec\u00edbelo en tu email<\/span><\/p>\n\n\n\n<p class=\"gb-headline gb-headline-a57b1045\"><span class=\"gb-icon\"><svg aria-hidden=\"true\" role=\"img\" height=\"1em\" width=\"1em\" viewbox=\"0 0 512 512\" xmlns=\"http:\/\/www.w3.org\/2000\/svg\"><path fill=\"currentColor\" d=\"M504 256c0 136.967-111.033 248-248 248S8 392.967 8 256 119.033 8 256 8s248 111.033 248 248zM227.314 387.314l184-184c6.248-6.248 6.248-16.379 0-22.627l-22.627-22.627c-6.248-6.249-16.379-6.249-22.628 0L216 308.118l-70.059-70.059c-6.248-6.248-16.379-6.248-22.628 0l-22.627 22.627c-6.248 6.248-6.248 16.379 0 22.627l104 104c6.249 6.249 16.379 6.249 22.628.001z\"><\/path><\/svg><\/span><span class=\"gb-headline-text\"> Cancela cuando quieras<\/span><\/p>\n\n<\/div>\n\n\n<div class=\"wp-block-buttons pms-pt-button-column-2 is-content-justification-center is-layout-flex wp-container-core-buttons-is-layout-e1485a7b wp-block-buttons-is-layout-flex\">\n<div class=\"wp-block-button has-custom-width wp-block-button__width-75 has-custom-font-size is-style-outline has-medium-font-size is-style-outline--1\"><a class=\"wp-block-button__link has-text-align-center wp-element-button\" href=\"https:\/\/cuentia.es\/en\/register\/?subscription_plan=682&amp;single_plan=yes\" style=\"border-radius:100px\"><strong>Suscr\u00edbete ahora<\/strong><\/a><\/div>\n<\/div>\n<\/div>\n<\/div>\n\n<\/div>\n\n\n<div class=\"wp-block-query alignfull is-layout-flow wp-block-query-is-layout-flow\"><ul style=\"text-transform:none;\" class=\"wp-block-post-template is-layout-flow wp-block-post-template-is-layout-flow\"><li class=\"wp-block-post post-716 post type-post status-publish format-standard hentry category-sin-categoria tag-landing\">\n\n<div class=\"wp-block-group\" style=\"margin-top:0;margin-bottom:0\"><div class=\"wp-block-group__inner-container is-layout-constrained wp-block-group-is-layout-constrained\">\n<h2 class=\"gb-headline gb-headline-22bbb130 gb-headline-text\">\u00bfC\u00f3mo son estos cuentos?<\/h2>\n\n\n\n<p>Suscr\u00edbete ahora y recibe el primer cuento en el momento para que puedas empezar a contar cuentos hoy mismo. Adem\u00e1s, como a todos nos gusta probar un poco antes de comprar, aqu\u00ed tienes una muestra de los cuentos que recibir\u00e1s en tu correo.<\/p>\n\n\n<h4 style=\"font-size:2.3rem;font-style:normal;font-weight:600;line-height:1;\" class=\"has-link-color wp-elements-d0ab0e755372f6cb555ff0e4776cb9df wp-block-post-title has-text-color has-contrast-color\"><a href=\"https:\/\/cuentia.es\/en\/sin-categoria\/la-ciudad-de-los-calcetines-perdidos\/\" target=\"_self\" >La ciudad de los calcetines perdidos<\/a><\/h4>\n\n<div style=\"font-size:15px;font-style:normal;font-weight:400;line-height:1.7;\" class=\"wp-block-post-excerpt\"><p class=\"wp-block-post-excerpt__excerpt\">Hab\u00eda una vez en un lejano reino, una ciudad m\u00e1gica llamada Calcetinia, conocida por ser el hogar de los calcetines perdidos. En esta ciudad, todos los calcetines que se extrav\u00edan en el mundo real aparecen misteriosamente y sin su pareja. Los habitantes de Calcetinia eran los propios calcetines, quienes viv\u00edan felices a pesar de no <a class=\"wp-block-post-excerpt__more-link\" href=\"https:\/\/cuentia.es\/en\/sin-categoria\/la-ciudad-de-los-calcetines-perdidos\/\">Continuar leyendo<\/a><\/p><\/div><\/div><\/div>\n\n<\/li><\/ul><\/div>","protected":false},"excerpt":{"rendered":"<p>Recibe cuentos para contar a tus hijos todas las noches Sabemos lo que es. Has buscado en Google cuentos para contar a tus hijos, \u00bfverdad? No te preocupes, no est\u00e1s solo. A veces la imaginaci\u00f3n se agota, y todos necesitamos una mano. \u00a1Nosotros somos como t\u00fa! Si tus hijos te piden un cuento nuevo cada &#8230; <a title=\"Subscribe\" class=\"read-more\" href=\"https:\/\/cuentia.es\/en\/suscribete-starter\/\" aria-label=\"Read more about Suscr\u00edbete\">Read more<\/a><\/p>","protected":false},"author":1,"featured_media":0,"parent":0,"menu_order":0,"comment_status":"closed","ping_status":"closed","template":"","meta":{"footnotes":""},"class_list":["post-728","page","type-page","status-publish"],"aioseo_notices":[],"_links":{"self":[{"href":"https:\/\/cuentia.es\/en\/wp-json\/wp\/v2\/pages\/728","targetHints":{"allow":["GET"]}}],"collection":[{"href":"https:\/\/cuentia.es\/en\/wp-json\/wp\/v2\/pages"}],"about":[{"href":"https:\/\/cuentia.es\/en\/wp-json\/wp\/v2\/types\/page"}],"author":[{"embeddable":true,"href":"https:\/\/cuentia.es\/en\/wp-json\/wp\/v2\/users\/1"}],"replies":[{"embeddable":true,"href":"https:\/\/cuentia.es\/en\/wp-json\/wp\/v2\/comments?post=728"}],"version-history":[{"count":11,"href":"https:\/\/cuentia.es\/en\/wp-json\/wp\/v2\/pages\/728\/revisions"}],"predecessor-version":[{"id":801,"href":"https:\/\/cuentia.es\/en\/wp-json\/wp\/v2\/pages\/728\/revisions\/801"}],"wp:attachment":[{"href":"https:\/\/cuentia.es\/en\/wp-json\/wp\/v2\/media?parent=728"}],"curies":[{"name":"wp","href":"https:\/\/api.w.org\/{rel}","templated":true}]}}