{"id":775,"date":"2024-10-25T08:16:19","date_gmt":"2024-10-25T06:16:19","guid":{"rendered":"https:\/\/cuentia.es\/?page_id=775"},"modified":"2024-12-26T19:47:50","modified_gmt":"2024-12-26T18:47:50","slug":"confirma-suscripcion","status":"publish","type":"page","link":"https:\/\/cuentia.es\/en\/confirma-suscripcion\/","title":{"rendered":"Confirma suscripci\u00f3n"},"content":{"rendered":"<div class=\"gb-container gb-container-bf47ece7\">\n\n<div class=\"wp-block-columns alignwide pms-pt-gap is-layout-flex wp-container-core-columns-is-layout-829b1d53 wp-block-columns-is-layout-flex\" style=\"margin-bottom:0\">\n<div class=\"wp-block-column is-layout-flow wp-block-column-is-layout-flow\" style=\"flex-basis:100%\">\n<h1 class=\"gb-headline gb-headline-d7cb1db9 gb-headline-text\">Enhorabuena! <\/h1>\n\n\n\n<p>Hemos confirmado tu email y recuerda, el pr\u00f3ximo Lunes a las 19h, recibir\u00e1s en tu bandeja de entrada un cuento que podr\u00e1s contar a los m\u00e1s peque\u00f1os de la casa.<\/p>\n\n\n\n<p>Adem\u00e1s, si crees que un cuento no es suficiente, recuerda que en cualquier momento podr\u00e1s suscribirte a cualquiera de nuestro servicios de cuentos personalizados donde tu escoges a los personajes<\/p>\n<\/div>\n<\/div>\n\n<\/div>\n\n<div class=\"gb-container gb-container-09dc75b1 alignwide\">\n\n<div class=\"wp-block-columns pms-pt-gap is-layout-flex wp-container-core-columns-is-layout-9d6595d7 wp-block-columns-is-layout-flex\">\n<div class=\"wp-block-column is-vertically-aligned-center pms-pt-border-2 pms-pt-card-2 is-layout-flow wp-block-column-is-layout-flow\" style=\"font-style:normal;font-weight:700\">\n<h2 class=\"wp-block-heading has-text-align-center pms-pt-text-title has-global-color-10-color has-text-color has-large-font-size\" style=\"font-style:normal;font-weight:700\">Starter<\/h2>\n\n\n\n<p class=\"has-text-align-center\"><span class=\"pms-pt-text-description\">Comienza ahora a recibir cuentos infantiles para leer a tus hijos<\/span><\/p>\n\n\n\n<h3 class=\"wp-block-heading has-text-align-center pms-pt-text-price has-contrast-color has-text-color has-large-font-size\">3\u20ac<span class=\"pms-pt-text-duration\"><span class=\"pms-divider\"> \/ Mes<\/span><\/span><\/h3>\n\n\n<div class=\"gb-container gb-container-759aea7a\">\n\n<p class=\"gb-headline gb-headline-1b1bd9b9\"><span class=\"gb-icon\"><svg aria-hidden=\"true\" role=\"img\" height=\"1em\" width=\"1em\" viewbox=\"0 0 512 512\" xmlns=\"http:\/\/www.w3.org\/2000\/svg\"><path fill=\"currentColor\" d=\"M504 256c0 136.967-111.033 248-248 248S8 392.967 8 256 119.033 8 256 8s248 111.033 248 248zM227.314 387.314l184-184c6.248-6.248 6.248-16.379 0-22.627l-22.627-22.627c-6.248-6.249-16.379-6.249-22.628 0L216 308.118l-70.059-70.059c-6.248-6.248-16.379-6.248-22.628 0l-22.627 22.627c-6.248 6.248-6.248 16.379 0 22.627l104 104c6.249 6.249 16.379 6.249 22.628.001z\"><\/path><\/svg><\/span><span class=\"gb-headline-text\"> Tres cuentos por semana<\/span><\/p>\n\n\n\n<p class=\"gb-headline gb-headline-07a21263\"><span class=\"gb-icon\"><svg aria-hidden=\"true\" role=\"img\" height=\"1em\" width=\"1em\" viewbox=\"0 0 512 512\" xmlns=\"http:\/\/www.w3.org\/2000\/svg\"><path fill=\"currentColor\" d=\"M504 256c0 136.967-111.033 248-248 248S8 392.967 8 256 119.033 8 256 8s248 111.033 248 248zM227.314 387.314l184-184c6.248-6.248 6.248-16.379 0-22.627l-22.627-22.627c-6.248-6.249-16.379-6.249-22.628 0L216 308.118l-70.059-70.059c-6.248-6.248-16.379-6.248-22.628 0l-22.627 22.627c-6.248 6.248-6.248 16.379 0 22.627l104 104c6.249 6.249 16.379 6.249 22.628.001z\"><\/path><\/svg><\/span><span class=\"gb-headline-text\"> Lunes, Mi\u00e9rcoles y Viernes<\/span><\/p>\n\n\n\n<p class=\"gb-headline gb-headline-96b804a1\"><span class=\"gb-icon\"><svg aria-hidden=\"true\" role=\"img\" height=\"1em\" width=\"1em\" viewbox=\"0 0 512 512\" xmlns=\"http:\/\/www.w3.org\/2000\/svg\"><path fill=\"currentColor\" d=\"M504 256c0 136.967-111.033 248-248 248S8 392.967 8 256 119.033 8 256 8s248 111.033 248 248zM227.314 387.314l184-184c6.248-6.248 6.248-16.379 0-22.627l-22.627-22.627c-6.248-6.249-16.379-6.249-22.628 0L216 308.118l-70.059-70.059c-6.248-6.248-16.379-6.248-22.628 0l-22.627 22.627c-6.248 6.248-6.248 16.379 0 22.627l104 104c6.249 6.249 16.379 6.249 22.628.001z\"><\/path><\/svg><\/span><span class=\"gb-headline-text\"> Rec\u00edbelo en tu email<\/span><\/p>\n\n\n\n<p class=\"gb-headline gb-headline-a57b1045\"><span class=\"gb-icon\"><svg aria-hidden=\"true\" role=\"img\" height=\"1em\" width=\"1em\" viewbox=\"0 0 512 512\" xmlns=\"http:\/\/www.w3.org\/2000\/svg\"><path fill=\"currentColor\" d=\"M504 256c0 136.967-111.033 248-248 248S8 392.967 8 256 119.033 8 256 8s248 111.033 248 248zM227.314 387.314l184-184c6.248-6.248 6.248-16.379 0-22.627l-22.627-22.627c-6.248-6.249-16.379-6.249-22.628 0L216 308.118l-70.059-70.059c-6.248-6.248-16.379-6.248-22.628 0l-22.627 22.627c-6.248 6.248-6.248 16.379 0 22.627l104 104c6.249 6.249 16.379 6.249 22.628.001z\"><\/path><\/svg><\/span><span class=\"gb-headline-text\"> Cancela cuando quieras<\/span><\/p>\n\n<\/div>\n\n\n<div class=\"wp-block-buttons pms-pt-button-column-2 is-content-justification-center is-layout-flex wp-container-core-buttons-is-layout-e1485a7b wp-block-buttons-is-layout-flex\">\n<div class=\"wp-block-button has-custom-width wp-block-button__width-75 has-custom-font-size is-style-outline has-medium-font-size is-style-outline--1\"><a class=\"wp-block-button__link has-text-align-center wp-element-button\" href=\"https:\/\/cuentia.es\/en\/register\/?subscription_plan=682&amp;single_plan=yes\" style=\"border-radius:100px\"><strong>Suscr\u00edbete ahora<\/strong><\/a><\/div>\n<\/div>\n\n\n\n<div style=\"height:30px\" aria-hidden=\"true\" class=\"wp-block-spacer\"><\/div>\n<\/div>\n\n\n\n<div class=\"wp-block-column pms-pt-border-2 pms-pt-card-2 is-layout-flow wp-block-column-is-layout-flow\">\n<h2 class=\"wp-block-heading has-text-align-center pms-pt-text-title has-global-color-10-color has-text-color has-large-font-size\" style=\"font-style:normal;font-weight:700\">Cuento diario<\/h2>\n\n\n\n<p class=\"has-text-align-center\"><span class=\"pms-pt-text-description\">Comienza ahora a recibir cuentos infantiles para leer a tus hijos<\/span><\/p>\n\n\n\n<h3 class=\"wp-block-heading has-text-align-center pms-pt-text-price has-contrast-color has-text-color has-large-font-size\">5\u20ac<span class=\"pms-pt-text-duration\"><span class=\"pms-divider\"> \/ Mes<\/span><\/span><\/h3>\n\n\n<div class=\"gb-container gb-container-704586a4\">\n\n<p class=\"gb-headline gb-headline-d59e1480\"><span class=\"gb-icon\"><svg aria-hidden=\"true\" role=\"img\" height=\"1em\" width=\"1em\" viewbox=\"0 0 512 512\" xmlns=\"http:\/\/www.w3.org\/2000\/svg\"><path fill=\"currentColor\" d=\"M504 256c0 136.967-111.033 248-248 248S8 392.967 8 256 119.033 8 256 8s248 111.033 248 248zM227.314 387.314l184-184c6.248-6.248 6.248-16.379 0-22.627l-22.627-22.627c-6.248-6.249-16.379-6.249-22.628 0L216 308.118l-70.059-70.059c-6.248-6.248-16.379-6.248-22.628 0l-22.627 22.627c-6.248 6.248-6.248 16.379 0 22.627l104 104c6.249 6.249 16.379 6.249 22.628.001z\"><\/path><\/svg><\/span><span class=\"gb-headline-text\"> Un cuento cada d\u00eda<\/span><\/p>\n\n\n\n<p class=\"gb-headline gb-headline-b9f8ad76\"><span class=\"gb-icon\"><svg aria-hidden=\"true\" role=\"img\" height=\"1em\" width=\"1em\" viewbox=\"0 0 512 512\" xmlns=\"http:\/\/www.w3.org\/2000\/svg\"><path fill=\"currentColor\" d=\"M504 256c0 136.967-111.033 248-248 248S8 392.967 8 256 119.033 8 256 8s248 111.033 248 248zM227.314 387.314l184-184c6.248-6.248 6.248-16.379 0-22.627l-22.627-22.627c-6.248-6.249-16.379-6.249-22.628 0L216 308.118l-70.059-70.059c-6.248-6.248-16.379-6.248-22.628 0l-22.627 22.627c-6.248 6.248-6.248 16.379 0 22.627l104 104c6.249 6.249 16.379 6.249 22.628.001z\"><\/path><\/svg><\/span><span class=\"gb-headline-text\"> De Lunes a Domingo<\/span><\/p>\n\n\n\n<p class=\"gb-headline gb-headline-171f628e\"><span class=\"gb-icon\"><svg aria-hidden=\"true\" role=\"img\" height=\"1em\" width=\"1em\" viewbox=\"0 0 512 512\" xmlns=\"http:\/\/www.w3.org\/2000\/svg\"><path fill=\"currentColor\" d=\"M504 256c0 136.967-111.033 248-248 248S8 392.967 8 256 119.033 8 256 8s248 111.033 248 248zM227.314 387.314l184-184c6.248-6.248 6.248-16.379 0-22.627l-22.627-22.627c-6.248-6.249-16.379-6.249-22.628 0L216 308.118l-70.059-70.059c-6.248-6.248-16.379-6.248-22.628 0l-22.627 22.627c-6.248 6.248-6.248 16.379 0 22.627l104 104c6.249 6.249 16.379 6.249 22.628.001z\"><\/path><\/svg><\/span><span class=\"gb-headline-text\"> Rec\u00edbelo en tu email<\/span><\/p>\n\n\n\n<p class=\"gb-headline gb-headline-a224637c\"><span class=\"gb-icon\"><svg aria-hidden=\"true\" role=\"img\" height=\"1em\" width=\"1em\" viewbox=\"0 0 512 512\" xmlns=\"http:\/\/www.w3.org\/2000\/svg\"><path fill=\"currentColor\" d=\"M504 256c0 136.967-111.033 248-248 248S8 392.967 8 256 119.033 8 256 8s248 111.033 248 248zM227.314 387.314l184-184c6.248-6.248 6.248-16.379 0-22.627l-22.627-22.627c-6.248-6.249-16.379-6.249-22.628 0L216 308.118l-70.059-70.059c-6.248-6.248-16.379-6.248-22.628 0l-22.627 22.627c-6.248 6.248-6.248 16.379 0 22.627l104 104c6.249 6.249 16.379 6.249 22.628.001z\"><\/path><\/svg><\/span><span class=\"gb-headline-text\"> Cancela cuando quieras<\/span><\/p>\n\n<\/div>\n\n\n<div class=\"wp-block-buttons pms-pt-button-column-2 is-content-justification-center is-layout-flex wp-container-core-buttons-is-layout-e1485a7b wp-block-buttons-is-layout-flex\">\n<div class=\"wp-block-button has-custom-width wp-block-button__width-75 has-custom-font-size is-style-outline has-medium-font-size is-style-outline--2\"><a class=\"wp-block-button__link has-text-align-center wp-element-button\" href=\"https:\/\/cuentia.es\/en\/register\/?subscription_plan=11&amp;single_plan=yes\" style=\"border-radius:100px\"><strong>Suscr\u00edbete ahora<\/strong><\/a><\/div>\n<\/div>\n<\/div>\n<\/div>\n\n<\/div>\n\n\n<p><\/p>","protected":false},"excerpt":{"rendered":"<p>Enhorabuena! Hemos confirmado tu email y recuerda, el pr\u00f3ximo Lunes a las 19h, recibir\u00e1s en tu bandeja de entrada un cuento que podr\u00e1s contar a los m\u00e1s peque\u00f1os de la casa. Adem\u00e1s, si crees que un cuento no es suficiente, recuerda que en cualquier momento podr\u00e1s suscribirte a cualquiera de nuestro servicios de cuentos personalizados &#8230; <a title=\"Confirma suscripci\u00f3n\" class=\"read-more\" href=\"https:\/\/cuentia.es\/en\/confirma-suscripcion\/\" aria-label=\"Read more about Confirma suscripci\u00f3n\">Read more<\/a><\/p>","protected":false},"author":1,"featured_media":0,"parent":0,"menu_order":0,"comment_status":"closed","ping_status":"closed","template":"","meta":{"footnotes":""},"class_list":["post-775","page","type-page","status-publish"],"aioseo_notices":[],"_links":{"self":[{"href":"https:\/\/cuentia.es\/en\/wp-json\/wp\/v2\/pages\/775","targetHints":{"allow":["GET"]}}],"collection":[{"href":"https:\/\/cuentia.es\/en\/wp-json\/wp\/v2\/pages"}],"about":[{"href":"https:\/\/cuentia.es\/en\/wp-json\/wp\/v2\/types\/page"}],"author":[{"embeddable":true,"href":"https:\/\/cuentia.es\/en\/wp-json\/wp\/v2\/users\/1"}],"replies":[{"embeddable":true,"href":"https:\/\/cuentia.es\/en\/wp-json\/wp\/v2\/comments?post=775"}],"version-history":[{"count":10,"href":"https:\/\/cuentia.es\/en\/wp-json\/wp\/v2\/pages\/775\/revisions"}],"predecessor-version":[{"id":1072,"href":"https:\/\/cuentia.es\/en\/wp-json\/wp\/v2\/pages\/775\/revisions\/1072"}],"wp:attachment":[{"href":"https:\/\/cuentia.es\/en\/wp-json\/wp\/v2\/media?parent=775"}],"curies":[{"name":"wp","href":"https:\/\/api.w.org\/{rel}","templated":true}]}}