{"id":823,"date":"2024-10-29T16:23:21","date_gmt":"2024-10-29T15:23:21","guid":{"rendered":"https:\/\/cuentia.es\/?page_id=823"},"modified":"2024-11-10T18:20:48","modified_gmt":"2024-11-10T17:20:48","slug":"newsletter","status":"publish","type":"page","link":"https:\/\/cuentia.es\/en\/newsletter\/","title":{"rendered":"Newsletter"},"content":{"rendered":"<div class=\"wp-block-group\"><div class=\"wp-block-group__inner-container is-layout-constrained wp-block-group-is-layout-constrained\">\n<div class=\"wp-block-columns is-layout-flex wp-container-core-columns-is-layout-9d6595d7 wp-block-columns-is-layout-flex\">\n<div class=\"wp-block-column is-layout-flow wp-block-column-is-layout-flow\">\n<h1 class=\"gb-headline gb-headline-ec4cb9d9 gb-headline-text\"><br><strong><a href=\"https:\/\/cuentia.es\/en\/\" title=\"CUENTIA\">CUENTIA<\/a><\/strong><\/h1>\n\n\n\n<h2 class=\"gb-headline gb-headline-d3af7c7b gb-headline-text\">Aqu\u00ed comienzan las aventuras de tus hijos<\/h2>\n\n\n\n<p class=\"has-text-align-center\"><strong>CUENTIA es la plataforma que te env\u00eda un cuento para ni\u00f1os diferente cada semana.<\/strong><\/p>\n\n\n\n<p class=\"has-text-align-center\">Disfruta de un tiempo impagable con tus hijos a la hora de acostarse mientras les lees una historia nueva llena de emoci\u00f3n, aventuras y valores.<br>Suscr\u00edbete ahora, es GRATIS, y recibe todos los Lunes a las 19h un nuevo cuento para contar a los m\u00e1s peque\u00f1os de la casa<\/p>\n\n\n\n<p class=\"has-text-align-center\">Adem\u00e1s, si eres de las 100 primeras personas en suscribirte, recibir\u00e1s una historia exclusiva que no se enviar\u00e1 a nadie m\u00e1s. Recuerda s\u00f3lo a los 100 primeros<\/p>\n\n\n\n<div class=\"wpcf7 no-js\" id=\"wpcf7-f759-o1\" lang=\"es-ES\" dir=\"ltr\" data-wpcf7-id=\"759\">\n<div class=\"screen-reader-response\"><p role=\"status\" aria-live=\"polite\" aria-atomic=\"true\"><\/p> <ul><\/ul><\/div>\n<form action=\"\/en\/wp-json\/wp\/v2\/pages\/823#wpcf7-f759-o1\" method=\"post\" class=\"wpcf7-form init\" aria-label=\"Formulario de contacto\" novalidate=\"novalidate\" data-status=\"init\" data-trp-original-action=\"\/en\/wp-json\/wp\/v2\/pages\/823#wpcf7-f759-o1\">\n<fieldset class=\"hidden-fields-container\"><input type=\"hidden\" name=\"_wpcf7\" value=\"759\" \/><input type=\"hidden\" name=\"_wpcf7_version\" value=\"6.1.5\" \/><input type=\"hidden\" name=\"_wpcf7_locale\" value=\"es_ES\" \/><input type=\"hidden\" name=\"_wpcf7_unit_tag\" value=\"wpcf7-f759-o1\" \/><input type=\"hidden\" name=\"_wpcf7_container_post\" value=\"0\" \/><input type=\"hidden\" name=\"_wpcf7_posted_data_hash\" value=\"\" \/>\n<\/fieldset>\n<p><label> Tu email aqu\u00ed <\/label><br \/>\n<span class=\"wpcf7-form-control-wrap\" data-name=\"your-email\"><input size=\"40\" maxlength=\"400\" class=\"wpcf7-form-control wpcf7-email wpcf7-validates-as-required wpcf7-text wpcf7-validates-as-email\" id=\"input_mail_suscription\" autocomplete=\"email\" aria-required=\"true\" aria-invalid=\"false\" value=\"\" type=\"email\" name=\"your-email\" \/><\/span>\n<\/p>\n<p><span class=\"wpcf7-form-control-wrap\" data-name=\"verify\"><span class=\"wpcf7-form-control wpcf7-checkbox wpcf7-validates-as-required\"><span class=\"wpcf7-list-item first last\"><label><input type=\"checkbox\" name=\"verify[]\" value=\"Estoy de acuerdo en recibir los cuentos en mi direcci\u00f3n de correo electr\u00f3nico\" \/><span class=\"wpcf7-list-item-label\">Estoy de acuerdo en recibir los cuentos en mi direcci\u00f3n de correo electr\u00f3nico<\/span><\/label><\/span><\/span><\/span>\n<\/p>\n<p><input class=\"wpcf7-form-control wpcf7-submit has-spinner\" id=\"submit_suscription\" type=\"submit\" value=\"Enviar\" \/>\n<\/p><input type=\"hidden\" id=\"gr_form_nonce\" name=\"gr_form_nonce\" value=\"62e6d0b335\" \/><input type=\"hidden\" name=\"_wp_http_referer\" value=\"\/en\/wp-json\/wp\/v2\/pages\/823\" \/><div class=\"wpcf7-response-output\" aria-hidden=\"true\"><\/div>\n<input type=\"hidden\" name=\"trp-form-language\" value=\"en\"\/><\/form>\n<\/div>\n\n<\/div>\n<\/div>\n<\/div><\/div>\n\n\n\n<style>\n.main-navigation .inside-navigation{display:none;}\n<\/style>","protected":false},"excerpt":{"rendered":"<p>CUENTIA Aqu\u00ed comienzan las aventuras de tus hijos CUENTIA es la plataforma que te env\u00eda un cuento para ni\u00f1os diferente cada semana. Disfruta de un tiempo impagable con tus hijos a la hora de acostarse mientras les lees una historia nueva llena de emoci\u00f3n, aventuras y valores.Suscr\u00edbete ahora, es GRATIS, y recibe todos los Lunes &#8230; <a title=\"Newsletter\" class=\"read-more\" href=\"https:\/\/cuentia.es\/en\/newsletter\/\" aria-label=\"Read more about Newsletter\">Read more<\/a><\/p>","protected":false},"author":1,"featured_media":0,"parent":0,"menu_order":0,"comment_status":"closed","ping_status":"closed","template":"","meta":{"footnotes":""},"class_list":["post-823","page","type-page","status-publish"],"aioseo_notices":[],"_links":{"self":[{"href":"https:\/\/cuentia.es\/en\/wp-json\/wp\/v2\/pages\/823","targetHints":{"allow":["GET"]}}],"collection":[{"href":"https:\/\/cuentia.es\/en\/wp-json\/wp\/v2\/pages"}],"about":[{"href":"https:\/\/cuentia.es\/en\/wp-json\/wp\/v2\/types\/page"}],"author":[{"embeddable":true,"href":"https:\/\/cuentia.es\/en\/wp-json\/wp\/v2\/users\/1"}],"replies":[{"embeddable":true,"href":"https:\/\/cuentia.es\/en\/wp-json\/wp\/v2\/comments?post=823"}],"version-history":[{"count":8,"href":"https:\/\/cuentia.es\/en\/wp-json\/wp\/v2\/pages\/823\/revisions"}],"predecessor-version":[{"id":870,"href":"https:\/\/cuentia.es\/en\/wp-json\/wp\/v2\/pages\/823\/revisions\/870"}],"wp:attachment":[{"href":"https:\/\/cuentia.es\/en\/wp-json\/wp\/v2\/media?parent=823"}],"curies":[{"name":"wp","href":"https:\/\/api.w.org\/{rel}","templated":true}]}}