{"id":871,"date":"2024-11-11T17:06:27","date_gmt":"2024-11-11T16:06:27","guid":{"rendered":"https:\/\/cuentia.es\/?page_id=871"},"modified":"2024-12-05T16:13:42","modified_gmt":"2024-12-05T15:13:42","slug":"calendario-de-adviento","status":"publish","type":"page","link":"https:\/\/cuentia.es\/en\/calendario-de-adviento\/","title":{"rendered":"Calendario de Adviento"},"content":{"rendered":"<h2 class=\"wp-block-heading\"><strong>\u00bfQuieres regalar a tus hijos un Adviento lleno de alegr\u00eda, ilusi\u00f3n y buenos momentos?<\/strong><\/h2>\n\n\n\n<p>Imagina esto: cada noche, durante 24 d\u00edas, abres con tus hijos una ventanita de su <em>Calendario de Adviento<\/em>. Pero no contiene chocolate, ni juguetes de pl\u00e1stico que terminan olvidados en un caj\u00f3n.<\/p>\n\n\n\n<p><strong>Contiene cuentos.<\/strong><\/p>\n\n\n\n<p>Cuentos m\u00e1gicos, cortos y emocionantes, creados especialmente para ser le\u00eddos juntos antes de dormir.<\/p>\n\n\n\n<p>Un rato de conexi\u00f3n, de calma, de dejar las prisas a un lado y entrar en un mundo de imaginaci\u00f3n junto a ellos.<\/p>\n\n\n\n<h3 class=\"wp-block-heading\"><strong>Porque los d\u00edas pasan r\u00e1pido, pero estos momentos se quedan para siempre.<\/strong><\/h3>\n\n\n\n<p>Este calendario es m\u00e1s que un regalo. Es una excusa perfecta para:<\/p>\n\n\n\n<ul class=\"wp-block-list\">\n<li><strong>Crear un h\u00e1bito de lectura diaria<\/strong>.<\/li>\n\n\n\n<li><strong>Reconectar con tus hijos<\/strong> al final de cada d\u00eda.<\/li>\n\n\n\n<li>Ayudarlos a so\u00f1ar despiertos (\u00a1y luego a dormir tranquilos!).<\/li>\n<\/ul>\n\n\n\n<p><strong>24 cuentos. 24 d\u00edas. 24 razones para disfrutar juntos.<\/strong><\/p>\n\n\n\n<h3 class=\"wp-block-heading\"><strong>Lo abres, lo lees y ves c\u00f3mo brillan sus ojos.<\/strong><\/h3>\n\n\n\n<p>Cada cuento es una sorpresa. Un d\u00eda hay una historia sobre un \u00e1ngel que perdi\u00f3 la estrella de la Navidad; otro, sobre una ni\u00f1a que descubri\u00f3 la receta de la felicidad; y qui\u00e9n sabe, quiz\u00e1 el pr\u00f3ximo sea el que vuestros hijos recuerden toda su vida.<\/p>\n\n\n\n<hr class=\"wp-block-separator has-alpha-channel-opacity\"\/>\n\n\n\n<h3 class=\"wp-block-heading\"><strong>Un calendario \u00fanico, limitado y listo para sorprender.<\/strong><\/h3>\n\n\n\n<p>\u2705 <strong>Directo a tu email<\/strong>, sin complicaciones ni instalarse nada en el tel\u00e9fono.<br>\u2705 <strong>Ideal para ni\u00f1os de 3 a 8 a\u00f1os<\/strong> (aunque los mayores tambi\u00e9n disfrutan).<br>\u2705 <strong>Una cita todos los d\u00edas<\/strong> a la misma hora listo para contar a los m\u00e1s peque\u00f1os.<\/p>\n\n\n\n<p>Este no es el t\u00edpico calendario que compras en el s\u00faper. <strong>Es especial. Como los recuerdos que vais a crear juntos.<\/strong><\/p>\n\n\n\n<hr class=\"wp-block-separator has-alpha-channel-opacity\"\/>\n\n\n\n<h3 class=\"wp-block-heading\"><strong>Compra ahora tu <em>Calendario de Adviento de Cuentia<\/em><\/strong><\/h3>\n\n\n\n<p>As\u00ed que, si quieres que este Adviento sea inolvidable, haz clic aqu\u00ed abajo y aseg\u00farate de que el tuyo llegue a casa.<\/p>\n\n\n\n<p><\/p>\n\n\n\n<p><em><strong>Lo siento, has llegado tarde y el calendario de Adviento ha cerrado sus ventanas. Vuelve el a\u00f1o que viene antes del 1 de Diciembre y podr\u00e1s volver a comprarlo<\/strong><\/em>.<\/p>\n\n\n\n<p><strong>Suscr\u00edbete ahora a CUENTIA y recibe 3 cuentos personalizados a la semana: Lunes, Mi\u00e9rcoles y Viernes. <br>No vuelvas a llegar llegar tarde<\/strong><\/p>\n\n\n\n<a class=\"gb-button gb-button-83177c9c gb-button-text btn_cal_adv\" href=\"https:\/\/cuentia.es\/en\/register\/?subscription_plan=682&amp;single_plan=yes\">Quiero suscribirme a CUENTIA<\/a>\n\n\n\n<p><\/p>\n\n\n\n<p>Hazlo por ellos. Pero tambi\u00e9n por ti.<\/p>\n\n\n\n<p><\/p>","protected":false},"excerpt":{"rendered":"<p>\u00bfQuieres regalar a tus hijos un Adviento lleno de alegr\u00eda, ilusi\u00f3n y buenos momentos? Imagina esto: cada noche, durante 24 d\u00edas, abres con tus hijos una ventanita de su Calendario de Adviento. Pero no contiene chocolate, ni juguetes de pl\u00e1stico que terminan olvidados en un caj\u00f3n. Contiene cuentos. Cuentos m\u00e1gicos, cortos y emocionantes, creados especialmente &#8230; <a title=\"Calendario de Adviento\" class=\"read-more\" href=\"https:\/\/cuentia.es\/en\/calendario-de-adviento\/\" aria-label=\"Read more about Calendario de Adviento\">Read more<\/a><\/p>","protected":false},"author":1,"featured_media":0,"parent":0,"menu_order":0,"comment_status":"closed","ping_status":"closed","template":"","meta":{"footnotes":""},"class_list":["post-871","page","type-page","status-publish"],"aioseo_notices":[],"_links":{"self":[{"href":"https:\/\/cuentia.es\/en\/wp-json\/wp\/v2\/pages\/871","targetHints":{"allow":["GET"]}}],"collection":[{"href":"https:\/\/cuentia.es\/en\/wp-json\/wp\/v2\/pages"}],"about":[{"href":"https:\/\/cuentia.es\/en\/wp-json\/wp\/v2\/types\/page"}],"author":[{"embeddable":true,"href":"https:\/\/cuentia.es\/en\/wp-json\/wp\/v2\/users\/1"}],"replies":[{"embeddable":true,"href":"https:\/\/cuentia.es\/en\/wp-json\/wp\/v2\/comments?post=871"}],"version-history":[{"count":48,"href":"https:\/\/cuentia.es\/en\/wp-json\/wp\/v2\/pages\/871\/revisions"}],"predecessor-version":[{"id":988,"href":"https:\/\/cuentia.es\/en\/wp-json\/wp\/v2\/pages\/871\/revisions\/988"}],"wp:attachment":[{"href":"https:\/\/cuentia.es\/en\/wp-json\/wp\/v2\/media?parent=871"}],"curies":[{"name":"wp","href":"https:\/\/api.w.org\/{rel}","templated":true}]}}