{"id":990,"date":"2024-12-07T09:35:05","date_gmt":"2024-12-07T08:35:05","guid":{"rendered":"https:\/\/cuentia.es\/?page_id=990"},"modified":"2024-12-26T18:17:02","modified_gmt":"2024-12-26T17:17:02","slug":"suscribete-cuentia","status":"publish","type":"page","link":"https:\/\/cuentia.es\/en\/suscribete-cuentia\/","title":{"rendered":"Suscr\u00edbete a CUENTIA"},"content":{"rendered":"<div class=\"gb-container gb-container-bf47ece7\">\n\n<div class=\"wp-block-columns alignwide pms-pt-gap is-layout-flex wp-container-core-columns-is-layout-829b1d53 wp-block-columns-is-layout-flex\" style=\"margin-bottom:0\">\n<div class=\"wp-block-column is-layout-flow wp-block-column-is-layout-flow\" style=\"flex-basis:60%\">\n<h1 class=\"gb-headline gb-headline-d7cb1db9 gb-headline-text\"><strong>Cuentos personalizados para tus hijos, \u00fanicos como ellos<\/strong><\/h1>\n\n\n\n<p>Cierra los ojos e imagina esta escena: es de noche, tus hijos, con esos ojitos llenos de ilusi\u00f3n, esperan que les cuentes algo especial. Y t\u00fa\u2026 no sabes por d\u00f3nde empezar. \u00bfTe resulta familiar?<\/p>\n\n\n\n<p>Buscas cuentos en Google, intentas recordar una historia conocida o terminas improvisando algo que no logra capturar su atenci\u00f3n. Lo s\u00e9, porque yo tambi\u00e9n estuve ah\u00ed.<\/p>\n\n\n\n<p>Por eso creamos <strong>CUENTIA <\/strong>y los <strong>cuentos personalizados<\/strong>: historias \u00fanicas, creadas exclusivamente para tus hijos. En ellas, ellos son los protagonistas de aventuras m\u00e1gicas que reflejan su personalidad, sus sue\u00f1os y todo lo que los hace especiales.<\/p>\n\n\n\n<p>Porque contarles un cuento no es solo llenar el momento; es regalarles un recuerdo, un mundo donde ellos son los h\u00e9roes.<\/p>\n\n\n\n<p><strong>Haz que cada noche sea inolvidable con un cuento personalizado. Su historia, su magia, su momento.<\/strong><\/p>\n\n\n\n<div class=\"wp-block-buttons is-content-justification-center is-layout-flex wp-container-core-buttons-is-layout-16018d1d wp-block-buttons-is-layout-flex\">\n<div class=\"wp-block-button has-custom-width wp-block-button__width-75 has-custom-font-size is-style-outline has-medium-font-size is-style-outline--1\"><a class=\"wp-block-button__link wp-element-button\" href=\"https:\/\/cuentia.es\/en\/register\/?subscription_plan=682&amp;single_plan=yes\" style=\"border-radius:100px\"><strong>Suscr\u00edbete ahora<\/strong><\/a><\/div>\n<\/div>\n\n\n\n<p><\/p>\n\n\n\n<h3 class=\"wp-block-heading\"><strong>As\u00ed funciona:<\/strong><\/h3>\n\n\n\n<ul class=\"wp-block-list\">\n<li><strong>Tres veces por semana<\/strong>, recibir\u00e1s un cuento nuevo directamente en tu correo: lunes, mi\u00e9rcoles y viernes<\/li>\n\n\n\n<li>Cada historia est\u00e1 dise\u00f1ada para ellos, con detalles que los har\u00e1n sentirse protagonistas<\/li>\n\n\n\n<li>Sin esfuerzo, sin buscar ni improvisar. Solo abrir tu bandeja de entrada y disfrutar.<\/li>\n<\/ul>\n\n\n\n<p>Por solo <strong>3\u20ac al mes<\/strong>, tendr\u00e1s una biblioteca \u00fanica y momentos inolvidables antes de dormir. Porque<strong> tus hijos no merecen cualquier historia, merecer la suya<\/strong>.<\/p>\n\n\n\n<p>Suscr\u00edbete ahora y deja que nosotros nos encarguemos del resto.<\/p>\n<\/div>\n\n\n\n<div class=\"wp-block-column is-vertically-aligned-center pms-pt-border-2 pms-pt-card-2 has-border-color is-layout-constrained wp-container-core-column-is-layout-97875daf wp-block-column-is-layout-constrained\" style=\"border-color:#7a838b;border-width:2px;padding-top:var(--wp--preset--spacing--30);padding-right:var(--wp--preset--spacing--30);padding-bottom:var(--wp--preset--spacing--30);padding-left:var(--wp--preset--spacing--30);font-style:normal;font-weight:700\">\n<h2 class=\"wp-block-heading has-text-align-center pms-pt-text-title has-global-color-10-color has-text-color has-large-font-size\" style=\"font-style:normal;font-weight:500\">Cuentos personalizados<\/h2>\n\n\n\n<h3 class=\"wp-block-heading has-text-align-center pms-pt-text-price has-contrast-color has-text-color has-large-font-size\">3\u20ac<span class=\"pms-pt-text-duration\"><span class=\"pms-divider\"> \/ Mes<\/span><\/span><\/h3>\n\n\n\n<p class=\"has-text-align-center\"><span class=\"pms-pt-text-description\">Empieza hoy a recibir cuentos \u00fanicos para tus hijos<\/span><\/p>\n\n\n<div class=\"gb-container gb-container-759aea7a\">\n\n<p class=\"gb-headline gb-headline-1b1bd9b9\"><span class=\"gb-icon\"><svg aria-hidden=\"true\" role=\"img\" height=\"1em\" width=\"1em\" viewbox=\"0 0 512 512\" xmlns=\"http:\/\/www.w3.org\/2000\/svg\"><path fill=\"currentColor\" d=\"M504 256c0 136.967-111.033 248-248 248S8 392.967 8 256 119.033 8 256 8s248 111.033 248 248zM227.314 387.314l184-184c6.248-6.248 6.248-16.379 0-22.627l-22.627-22.627c-6.248-6.249-16.379-6.249-22.628 0L216 308.118l-70.059-70.059c-6.248-6.248-16.379-6.248-22.628 0l-22.627 22.627c-6.248 6.248-6.248 16.379 0 22.627l104 104c6.249 6.249 16.379 6.249 22.628.001z\"><\/path><\/svg><\/span><span class=\"gb-headline-text\"> Cuentos personalizadas<\/span><\/p>\n\n\n\n<p class=\"gb-headline gb-headline-bcc1843f\"><span class=\"gb-icon\"><svg aria-hidden=\"true\" role=\"img\" height=\"1em\" width=\"1em\" viewbox=\"0 0 512 512\" xmlns=\"http:\/\/www.w3.org\/2000\/svg\"><path fill=\"currentColor\" d=\"M504 256c0 136.967-111.033 248-248 248S8 392.967 8 256 119.033 8 256 8s248 111.033 248 248zM227.314 387.314l184-184c6.248-6.248 6.248-16.379 0-22.627l-22.627-22.627c-6.248-6.249-16.379-6.249-22.628 0L216 308.118l-70.059-70.059c-6.248-6.248-16.379-6.248-22.628 0l-22.627 22.627c-6.248 6.248-6.248 16.379 0 22.627l104 104c6.249 6.249 16.379 6.249 22.628.001z\"><\/path><\/svg><\/span><span class=\"gb-headline-text\"> Tres cuentos por semana<\/span><\/p>\n\n\n\n<p class=\"gb-headline gb-headline-96b804a1\"><span class=\"gb-icon\"><svg aria-hidden=\"true\" role=\"img\" height=\"1em\" width=\"1em\" viewbox=\"0 0 512 512\" xmlns=\"http:\/\/www.w3.org\/2000\/svg\"><path fill=\"currentColor\" d=\"M504 256c0 136.967-111.033 248-248 248S8 392.967 8 256 119.033 8 256 8s248 111.033 248 248zM227.314 387.314l184-184c6.248-6.248 6.248-16.379 0-22.627l-22.627-22.627c-6.248-6.249-16.379-6.249-22.628 0L216 308.118l-70.059-70.059c-6.248-6.248-16.379-6.248-22.628 0l-22.627 22.627c-6.248 6.248-6.248 16.379 0 22.627l104 104c6.249 6.249 16.379 6.249 22.628.001z\"><\/path><\/svg><\/span><span class=\"gb-headline-text\"> Rec\u00edbelo en tu email<\/span><\/p>\n\n\n\n<p class=\"gb-headline gb-headline-a57b1045\"><span class=\"gb-icon\"><svg aria-hidden=\"true\" role=\"img\" height=\"1em\" width=\"1em\" viewbox=\"0 0 512 512\" xmlns=\"http:\/\/www.w3.org\/2000\/svg\"><path fill=\"currentColor\" d=\"M504 256c0 136.967-111.033 248-248 248S8 392.967 8 256 119.033 8 256 8s248 111.033 248 248zM227.314 387.314l184-184c6.248-6.248 6.248-16.379 0-22.627l-22.627-22.627c-6.248-6.249-16.379-6.249-22.628 0L216 308.118l-70.059-70.059c-6.248-6.248-16.379-6.248-22.628 0l-22.627 22.627c-6.248 6.248-6.248 16.379 0 22.627l104 104c6.249 6.249 16.379 6.249 22.628.001z\"><\/path><\/svg><\/span><span class=\"gb-headline-text\"> Cancela cuando quieras<\/span><\/p>\n\n<\/div>\n\n\n<div class=\"wp-block-buttons pms-pt-button-column-2 is-content-justification-center is-layout-flex wp-container-core-buttons-is-layout-e1485a7b wp-block-buttons-is-layout-flex\">\n<div class=\"wp-block-button has-custom-width wp-block-button__width-75 has-custom-font-size is-style-outline has-medium-font-size is-style-outline--2\"><a class=\"wp-block-button__link has-text-align-center wp-element-button\" href=\"https:\/\/cuentia.es\/en\/register\/?subscription_plan=682&amp;single_plan=yes\" style=\"border-radius:100px\"><strong>Suscr\u00edbete ahora<\/strong><\/a><\/div>\n<\/div>\n<\/div>\n<\/div>\n\n<\/div>","protected":false},"excerpt":{"rendered":"<p>Cuentos personalizados para tus hijos, \u00fanicos como ellos Cierra los ojos e imagina esta escena: es de noche, tus hijos, con esos ojitos llenos de ilusi\u00f3n, esperan que les cuentes algo especial. Y t\u00fa\u2026 no sabes por d\u00f3nde empezar. \u00bfTe resulta familiar? Buscas cuentos en Google, intentas recordar una historia conocida o terminas improvisando algo &#8230; <a title=\"Suscr\u00edbete a CUENTIA\" class=\"read-more\" href=\"https:\/\/cuentia.es\/en\/suscribete-cuentia\/\" aria-label=\"Read more about Suscr\u00edbete a CUENTIA\">Read more<\/a><\/p>","protected":false},"author":1,"featured_media":0,"parent":0,"menu_order":0,"comment_status":"closed","ping_status":"closed","template":"","meta":{"footnotes":""},"class_list":["post-990","page","type-page","status-publish"],"aioseo_notices":[],"_links":{"self":[{"href":"https:\/\/cuentia.es\/en\/wp-json\/wp\/v2\/pages\/990","targetHints":{"allow":["GET"]}}],"collection":[{"href":"https:\/\/cuentia.es\/en\/wp-json\/wp\/v2\/pages"}],"about":[{"href":"https:\/\/cuentia.es\/en\/wp-json\/wp\/v2\/types\/page"}],"author":[{"embeddable":true,"href":"https:\/\/cuentia.es\/en\/wp-json\/wp\/v2\/users\/1"}],"replies":[{"embeddable":true,"href":"https:\/\/cuentia.es\/en\/wp-json\/wp\/v2\/comments?post=990"}],"version-history":[{"count":9,"href":"https:\/\/cuentia.es\/en\/wp-json\/wp\/v2\/pages\/990\/revisions"}],"predecessor-version":[{"id":1056,"href":"https:\/\/cuentia.es\/en\/wp-json\/wp\/v2\/pages\/990\/revisions\/1056"}],"wp:attachment":[{"href":"https:\/\/cuentia.es\/en\/wp-json\/wp\/v2\/media?parent=990"}],"curies":[{"name":"wp","href":"https:\/\/api.w.org\/{rel}","templated":true}]}}